{"id":73,"date":"2024-09-05T02:23:10","date_gmt":"2024-09-05T02:23:10","guid":{"rendered":"https:\/\/thank1.mypagedemo.com\/tevc\/?page_id=73"},"modified":"2024-10-02T02:39:29","modified_gmt":"2024-10-02T02:39:29","slug":"trang-chu","status":"publish","type":"page","link":"https:\/\/thank1.mypagedemo.com\/tevc\/","title":{"rendered":"Trang ch\u1ee7"},"content":{"rendered":"<div class=\"wpb-content-wrapper\"><p>[vc_row full_width=&#8221;stretch_row&#8221; el_class=&#8221;wrap_gthieu&#8221; conditional_render=&#8221;%5B%7B%22value_role%22%3A%22administrator%22%7D%5D&#8221; css=&#8221;.vc_custom_1725938832663{background-image: url(https:\/\/thank1.mypagedemo.com\/tevc\/wp-content\/uploads\/2024\/09\/gthieu-bg.png?id=137) !important;}&#8221;][vc_column width=&#8221;1\/2&#8243; conditional_render=&#8221;%5B%7B%22value_role%22%3A%22administrator%22%7D%5D&#8221;][vc_column_text el_class=&#8221;justify&#8221;]<\/p>\n<h1><strong>V\u1ec0 CH\u00daNG T\u00d4I<\/strong><br \/>\nTOP ENGINEERING<br \/>\nVIET NAM CO., LTD (TEVC)<\/h1>\n<p>Th\u00e0nh l\u1eadp t\u1eeb n\u0103m 2016 d\u01b0\u1edbi s\u1ef1 b\u1ea3o tr\u1ee3 c\u1ee7a t\u1eadp \u0111o\u00e0n Taisei Oncho Nh\u1eadt B\u1ea3n, Top Engineering Vi\u1ec7t Nam Co., LTD (TEVC) \u0111\u00e3 nhanh ch\u00f3ng kh\u1eb3ng \u0111\u1ecbnh v\u1ecb th\u1ebf l\u00e0 m\u1ed9t trong nh\u1eefng \u0111\u01a1n v\u1ecb h\u00e0ng \u0111\u1ea7u trong l\u0129nh v\u1ef1c thi\u1ebft k\u1ebf c\u01a1 \u0111i\u1ec7n, d\u1ef1 to\u00e1n chi ph\u00ed v\u00e0 gi\u1ea3i ph\u00e1p xanh, b\u1ec1n v\u1eefng, ch\u00fang t\u00f4i \u0111\u00e3 th\u1ef1c hi\u1ec7n th\u00e0nh c\u00f4ng nhi\u1ec1u d\u1ef1 \u00e1n t\u1ea1i Vi\u1ec7t Nam, Malaysia v\u00e0 Nh\u1eadt B\u1ea3n. V\u1edbi ph\u01b0\u01a1ng ch\u00e2m:<\/p>\n<p><strong>&#8220;THAY \u0110\u1ed4I \u0110\u1ec2 T\u1ed2N T\u1ea0I, C\u1ea2I TI\u1ebeN \u0110\u1ec2 PH\u00c1T TRI\u1ec2N&#8221;, TEVC <\/strong>kh\u00f4ng ng\u1eebng \u0111\u1ed5i m\u1edbi, n\u00e2ng cao ch\u1ea5t l\u01b0\u1ee3ng d\u1ecbch v\u1ee5 \u0111\u1ec3 \u0111\u00e1p \u1ee9ng nhu c\u1ea7u ng\u00e0y c\u00e0ng cao c\u1ee7a kh\u00e1ch h\u00e0ng.[\/vc_column_text][vc_btn title=&#8221;T\u00ccM HI\u1ec2U TH\u00caM&#8221; style=&#8221;flat&#8221; shape=&#8221;rounded&#8221; size=&#8221;lg&#8221; link=&#8221;url:https%3A%2F%2Fthank1.mypagedemo.com%2Ftevc%2Fgioi-thieu%2F|target:_blank&#8221; el_class=&#8221;btn_style&#8221;][\/vc_column][vc_column width=&#8221;1\/4&#8243; conditional_render=&#8221;%5B%7B%22value_role%22%3A%22administrator%22%7D%5D&#8221;][vc_single_image image=&#8221;431&#8243; img_size=&#8221;full&#8221; alignment=&#8221;center&#8221;][\/vc_column][vc_column width=&#8221;1\/4&#8243; conditional_render=&#8221;%5B%7B%22value_role%22%3A%22administrator%22%7D%5D&#8221; el_class=&#8221;wrap_imgus&#8221;][vc_single_image image=&#8221;430&#8243; img_size=&#8221;full&#8221; alignment=&#8221;center&#8221;][\/vc_column][\/vc_row][vc_row full_width=&#8221;stretch_row&#8221; css=&#8221;.vc_custom_1725938024428{background-image: url(https:\/\/thank1.mypagedemo.com\/tevc\/wp-content\/uploads\/2024\/09\/vi-sao-bg-1.jpg?id=113) !important;}&#8221; conditional_render=&#8221;%5B%7B%22value_role%22%3A%22administrator%22%7D%5D&#8221; el_class=&#8221;wrap_kinhnghiem&#8221;][vc_column width=&#8221;1\/4&#8243;]<div class=\"stats-block stats-left   wpb_custom_a517333ace5b1666c6af8bd4684f1de9\"><div class=\"porto-sicon-left\"><div id=\"porto-icon-195458608569da1967a62cd\" class=\"porto-just-icon-wrapper porto-sicon-img\" style=\"font-size: 70px;\"><img loading=\"lazy\" decoding=\"async\" class=\"img-icon\" alt=\"icon kinh nghi\u1ec7m\" src=\"https:\/\/thank1.mypagedemo.com\/tevc\/wp-content\/uploads\/2024\/09\/icon-kinhnghiem.png\" width=\"70\" height=\"70\" \/><\/div><\/div><div class=\"stats-desc\"><div id=\"counter_157321391569da1967a6335\" data-id=\"counter_157321391569da1967a6335\" class=\"stats-number\" style=\" \" data-speed=\"2\" data-counter-value=\"19\" data-separator=\",\" data-decimal=\".\">0<\/div><div class=\"counter_suffix mycust\" style=\" \">+<\/div><div class=\"stats-text\" style=\"\">N\u0103m kinh nghi\u1ec7m<\/div><\/div><\/div>[\/vc_column][vc_column width=&#8221;1\/4&#8243;]<div class=\"stats-block stats-left   wpb_custom_a517333ace5b1666c6af8bd4684f1de9\"><div class=\"porto-sicon-left\"><div id=\"porto-icon-39265886269da1967a893c\" class=\"porto-just-icon-wrapper porto-sicon-img\" style=\"font-size: 70px;\"><img loading=\"lazy\" decoding=\"async\" class=\"img-icon\" alt=\"icon nh\u00e2n vi\u00ean\" src=\"https:\/\/thank1.mypagedemo.com\/tevc\/wp-content\/uploads\/2024\/09\/icon-nhanvien.png\" width=\"70\" height=\"70\" \/><\/div><\/div><div class=\"stats-desc\"><div id=\"counter_138678759669da1967a89bc\" data-id=\"counter_138678759669da1967a89bc\" class=\"stats-number\" style=\" \" data-speed=\"3\" data-counter-value=\"40\" data-separator=\",\" data-decimal=\".\">0<\/div><div class=\"counter_suffix mycust\" style=\" \">+<\/div><div class=\"stats-text\" style=\"\">Nh\u00e2n vi\u00ean<\/div><\/div><\/div>[\/vc_column][vc_column width=&#8221;1\/4&#8243;]<div class=\"stats-block stats-left   wpb_custom_a517333ace5b1666c6af8bd4684f1de9\"><div class=\"porto-sicon-left\"><div id=\"porto-icon-145767940169da1967a99ab\" class=\"porto-just-icon-wrapper porto-sicon-img\" style=\"font-size: 70px;\"><img loading=\"lazy\" decoding=\"async\" class=\"img-icon\" alt=\"\" src=\"https:\/\/thank1.mypagedemo.com\/tevc\/wp-content\/uploads\/2024\/09\/icon-doitac.png\" width=\"70\" height=\"70\" \/><\/div><\/div><div class=\"stats-desc\"><div id=\"counter_106327393569da1967a9a00\" data-id=\"counter_106327393569da1967a9a00\" class=\"stats-number\" style=\" \" data-speed=\"3\" data-counter-value=\"45\" data-separator=\",\" data-decimal=\".\">0<\/div><div class=\"counter_suffix mycust\" style=\" \">+<\/div><div class=\"stats-text\" style=\"\">\u0110\u1ed1i t\u00e1c<\/div><\/div><\/div>[\/vc_column][vc_column width=&#8221;1\/4&#8243;]<div class=\"stats-block stats-left   wpb_custom_a517333ace5b1666c6af8bd4684f1de9\"><div class=\"porto-sicon-left\"><div id=\"porto-icon-195847522769da1967aa958\" class=\"porto-just-icon-wrapper porto-sicon-img\" style=\"font-size: 70px;\"><img loading=\"lazy\" decoding=\"async\" class=\"img-icon\" alt=\"\" src=\"https:\/\/thank1.mypagedemo.com\/tevc\/wp-content\/uploads\/2024\/09\/icon-duan.png\" width=\"70\" height=\"70\" \/><\/div><\/div><div class=\"stats-desc\"><div id=\"counter_187482858469da1967aa9a6\" data-id=\"counter_187482858469da1967aa9a6\" class=\"stats-number\" style=\" \" data-speed=\"4\" data-counter-value=\"500\" data-separator=\",\" data-decimal=\".\">0<\/div><div class=\"counter_suffix mycust\" style=\" \">+<\/div><div class=\"stats-text\" style=\"\">D\u1ef1 \u00e1n<\/div><\/div><\/div>[\/vc_column][\/vc_row][vc_row el_class=&#8221;wrap_dichvu&#8221; conditional_render=&#8221;%5B%7B%22value_role%22%3A%22administrator%22%7D%5D&#8221;][vc_column][vc_custom_heading text=&#8221;D\u1ecaCH V\u1ee4&#8221; font_container=&#8221;tag:h2|text_align:center&#8221; use_theme_fonts=&#8221;yes&#8221;][vc_column_text]<\/p>\n<p style=\"text-align: center;\">Ch\u00fang t\u00f4i cung c\u1ea5p c\u00e1c d\u1ecbch v\u1ee5 thi\u1ebft k\u1ebf t\u1ed1i \u01b0u cho h\u1ec7 th\u1ed1ng \u0111i\u1ec7n, c\u1ea5p tho\u00e1t n\u01b0\u1edbc, th\u00f4ng gi\u00f3 v\u00e0 \u0111i\u1ec1u h\u00f2a kh\u00f4ng kh\u00ed cho c\u00e1c c\u00f4ng tr\u00ecnh d\u00e2n d\u1ee5ng v\u00e0 c\u00f4ng nghi\u1ec7p.<\/p>\n<p>[\/vc_column_text][\/vc_column][\/vc_row][vc_row content_placement=&#8221;middle&#8221; el_class=&#8221;wrap_thietke&#8221; conditional_render=&#8221;%5B%7B%22value_role%22%3A%22administrator%22%7D%5D&#8221;][vc_column width=&#8221;7\/12&#8243; conditional_render=&#8221;%5B%7B%22value_role%22%3A%22administrator%22%7D%5D&#8221;][vc_single_image image=&#8221;463&#8243; img_size=&#8221;full&#8221;][\/vc_column][vc_column width=&#8221;5\/12&#8243; conditional_render=&#8221;%5B%7B%22value_role%22%3A%22administrator%22%7D%5D&#8221;][vc_custom_heading text=&#8221;THI\u1ebeT K\u1ebe MEP&#8221; font_container=&#8221;tag:h3|text_align:left&#8221; use_theme_fonts=&#8221;yes&#8221;][vc_column_text el_class=&#8221;justify&#8221;]M\u00f4 t\u1ea3 c\u00f4ng vi\u1ec7c: Ch\u00fang t\u00f4i cung c\u1ea5p c\u00e1c d\u1ecbch v\u1ee5 thi\u1ebft k\u1ebf t\u1ed1i \u01b0u h\u1ec7 th\u1ed1ng c\u1ea5p tho\u00e1t n\u01b0\u1edbc, h\u1ec7 th\u1ed1ng \u0111i\u1ec1u h\u00f2a kh\u00f4ng kh\u00ed v\u00e0 th\u00f4ng gi\u00f3 cho c\u00e1c t\u00f2a nh\u00e0. C\u00f4ng ty ch\u00fang t\u00f4i \u0111ang th\u00fac \u0111\u1ea9y vi\u1ec7c s\u1eed d\u1ee5ng BIM (Building Information Modeling) t\u1eeb giai \u0111o\u1ea1n thi\u1ebft k\u1ebf v\u00e0 n\u1ed7 l\u1ef1c c\u1ea3i thi\u1ec7n n\u0103ng su\u1ea5t c\u0169ng nh\u01b0 ch\u1ea5t l\u01b0\u1ee3ng c\u00f4ng vi\u1ec7c b\u1eb1ng c\u00e1ch t\u1ea1o ra b\u1ea3n v\u1ebd x\u00e2y d\u1ef1ng 3D.[\/vc_column_text][vc_btn title=&#8221;T\u00ccM HI\u1ec2U TH\u00caM&#8221; style=&#8221;flat&#8221; shape=&#8221;rounded&#8221; link=&#8221;url:https%3A%2F%2Fthank1.mypagedemo.com%2Ftevc%2Fdich-vu%2Fthiet-ke-mep%2F|target:_blank&#8221; el_class=&#8221;btn_style&#8221;][\/vc_column][\/vc_row][vc_row content_placement=&#8221;middle&#8221; el_class=&#8221;wrap_dutoan column_reverse&#8221; conditional_render=&#8221;%5B%7B%22value_role%22%3A%22administrator%22%7D%5D&#8221;][vc_column width=&#8221;5\/12&#8243; conditional_render=&#8221;%5B%7B%22value_role%22%3A%22administrator%22%7D%5D&#8221;][vc_custom_heading text=&#8221;D\u1ef0 TO\u00c1N MEP&#8221; font_container=&#8221;tag:h3|text_align:left&#8221; use_theme_fonts=&#8221;yes&#8221;][vc_column_text el_class=&#8221;justify&#8221;]M\u00f4 t\u1ea3 c\u00f4ng vi\u1ec7c: Ch\u00fang t\u00f4i chuy\u00ean cung c\u1ea5p \u0111\u1ebfn kh\u00e1ch h\u00e0ng d\u1ecbch v\u1ee5 l\u1eadp b\u00e1o c\u00e1o d\u1ef1 to\u00e1n c\u00f4ng tr\u00ecnh C\u01a1 \u0110i\u1ec7n cho c\u00e1c c\u00f4ng tr\u00ecnh d\u00e2n d\u1ee5ng v\u00e0 c\u00f4ng nghi\u1ec7p. T\u1eeb b\u1ea3n v\u1ebd thi\u1ebft k\u1ebf v\u00e0 y\u00eau c\u1ea7u k\u1ef9 thu\u1eadt, C\u00f4ng ty ch\u00fang t\u00f4i b\u1eb1ng kinh nghi\u1ec7m c\u1ee7a m\u00ecnh s\u1ebd ph\u00e2n t\u00edch c\u00e1c y\u1ebfu t\u1ed1 \u1ea3nh h\u01b0\u1edfng \u0111\u1ebfn d\u1ef1 \u00e1n v\u00e0 \u1ee9ng d\u1ee5ng ph\u1ea7n m\u1ec1m PLANEST \u0111\u1ec3 b\u00f3c t\u00e1ch v\u00e0 l\u1eadp ra b\u1ea3ng d\u1ef1 to\u00e1n v\u1edbi \u0111\u1ed9 ch\u00ednh x\u00e1c nh\u1ea5t trong kho\u1ea3ng th\u1eddi gian ng\u1eafn nh\u1ea5t.[\/vc_column_text][vc_btn title=&#8221;T\u00ccM HI\u1ec2U TH\u00caM&#8221; style=&#8221;flat&#8221; shape=&#8221;rounded&#8221; size=&#8221;lg&#8221; link=&#8221;url:https%3A%2F%2Fthank1.mypagedemo.com%2Ftevc%2Fdich-vu%2Fdu-toan-mep%2F|target:_blank&#8221; el_class=&#8221;btn_style&#8221;][\/vc_column][vc_column width=&#8221;7\/12&#8243; conditional_render=&#8221;%5B%7B%22value_role%22%3A%22administrator%22%7D%5D&#8221;][vc_single_image image=&#8221;464&#8243; img_size=&#8221;full&#8221; alignment=&#8221;right&#8221;][\/vc_column][\/vc_row][vc_row content_placement=&#8221;middle&#8221; el_class=&#8221;wrap_thicong&#8221; conditional_render=&#8221;%5B%7B%22value_role%22%3A%22administrator%22%7D%5D&#8221;][vc_column width=&#8221;7\/12&#8243; conditional_render=&#8221;%5B%7B%22value_role%22%3A%22administrator%22%7D%5D&#8221;][vc_single_image image=&#8221;465&#8243; img_size=&#8221;full&#8221;][\/vc_column][vc_column width=&#8221;5\/12&#8243; conditional_render=&#8221;%5B%7B%22value_role%22%3A%22administrator%22%7D%5D&#8221;][vc_custom_heading text=&#8221;B\u1ea2N V\u1ebc THI C\u00d4NG&#8221; font_container=&#8221;tag:h3|text_align:left&#8221; use_theme_fonts=&#8221;yes&#8221;][vc_column_text el_class=&#8221;justify&#8221;]M\u00f4 t\u1ea3 c\u00f4ng vi\u1ec7c: Ch\u00fang t\u00f4i \u0111\u1ed3ng h\u00e0nh c\u00f9ng nh\u00e0 th\u1ea7u thi c\u00f4ng \u0111\u1ec3 th\u1ef1c hi\u1ec7n c\u00e1c c\u00f4ng vi\u1ec7c chu\u1ea9n b\u1ecb t\u00e0i li\u1ec7u, \u0111\u1ecdc v\u00e0 ph\u00e2n t\u00edch k\u1ef9 b\u1ea3n v\u1ebd thi\u1ebft k\u1ebf ban \u0111\u1ea7u, n\u1eafm b\u1eaft \u00fd t\u01b0\u1edfng c\u1ee7a kh\u00e1ch h\u00e0ng. Sau \u0111\u00f3 chuy\u1ec3n \u0111\u1ed5i t\u1ea5t c\u1ea3 c\u00e1c b\u1ea3n v\u1ebd thi\u1ebft k\u1ebf k\u1ef9 thu\u1eadt th\u00e0nh b\u1ea3n v\u1ebd thi c\u00f4ng \u00a0ph\u1ee5c v\u1ee5 cho qu\u00e1 tr\u00ecnh tri\u1ec3n khai d\u1ef1 \u00e1n.[\/vc_column_text][vc_btn title=&#8221;T\u00ccM HI\u1ec2U TH\u00caM&#8221; style=&#8221;flat&#8221; shape=&#8221;rounded&#8221; size=&#8221;lg&#8221; link=&#8221;url:https%3A%2F%2Fthank1.mypagedemo.com%2Ftevc%2Fdich-vu%2Fban-ve-thi-cong%2F|target:_blank&#8221; el_class=&#8221;btn_style&#8221;][\/vc_column][\/vc_row][vc_row content_placement=&#8221;middle&#8221; el_class=&#8221;wrap_giaiphap column_reverse&#8221; conditional_render=&#8221;%5B%7B%22value_role%22%3A%22administrator%22%7D%5D&#8221;][vc_column width=&#8221;5\/12&#8243; conditional_render=&#8221;%5B%7B%22value_role%22%3A%22administrator%22%7D%5D&#8221;][vc_custom_heading text=&#8221;GI\u1ea2I PH\u00c1P BIM&#8221; font_container=&#8221;tag:h3|text_align:left&#8221; use_theme_fonts=&#8221;yes&#8221;][vc_column_text el_class=&#8221;justify&#8221;]M\u00f4 t\u1ea3 c\u00f4ng vi\u1ec7c: Ch\u00fang t\u00f4i cung c\u1ea5p gi\u1ea3i ph\u00e1p BIM to\u00e0n di\u1ec7n, bao g\u1ed3m:<\/p>\n<ul>\n<li>Ph\u00e1t tri\u1ec3n m\u00f4 h\u00ecnh BIM 3D c\u00e1c h\u1ea1ng m\u1ee5c ki\u1ebfn tr\u00fac, k\u1ebft c\u1ea5u v\u00e0 MEP tr\u00ean n\u00ean t\u1ea3ng Revit, Rebro, Autocad\u2026<\/li>\n<li>\u0110\u1ea3m b\u1ea3o t\u00ednh th\u1ed1ng nh\u1ea5t v\u00e0 ch\u00ednh x\u00e1c c\u1ee7a d\u1ef1 \u00e1n th\u00f4ng qua ph\u1ed1i h\u1ee3p ch\u1eb7t ch\u1ebd gi\u1eefa c\u00e1c h\u1ea1ng m\u1ee5c.<\/li>\n<li>T\u1ed1i \u01b0u h\u00f3a thi\u1ebft k\u1ebf v\u00e0 gi\u1ea3m thi\u1ec3u sai s\u00f3t trong qu\u00e1 tr\u00ecnh thi c\u00f4ng.<\/li>\n<li>L\u1eadp h\u1ed3 s\u01a1 k\u1ef9 thu\u1eadt thi c\u00f4ng chi ti\u1ebft d\u1ef1a tr\u00ean m\u00f4 h\u00ecnh BIM.<\/li>\n<\/ul>\n<p>[\/vc_column_text][vc_btn title=&#8221;T\u00ccM HI\u1ec2U TH\u00caM&#8221; style=&#8221;flat&#8221; shape=&#8221;rounded&#8221; size=&#8221;lg&#8221; link=&#8221;url:https%3A%2F%2Fthank1.mypagedemo.com%2Ftevc%2Fdich-vu%2Fgiai-phap-bim%2F|target:_blank&#8221; el_class=&#8221;btn_style&#8221;][\/vc_column][vc_column width=&#8221;7\/12&#8243; conditional_render=&#8221;%5B%7B%22value_role%22%3A%22administrator%22%7D%5D&#8221;][vc_single_image image=&#8221;466&#8243; img_size=&#8221;full&#8221; alignment=&#8221;right&#8221;][\/vc_column][\/vc_row][vc_row el_class=&#8221;wrap_doitac&#8221; conditional_render=&#8221;%5B%7B%22value_role%22%3A%22administrator%22%7D%5D&#8221;][vc_column][vc_custom_heading text=&#8221;\u0110\u1ed0I T\u00c1C&#8221; font_container=&#8221;tag:h2|text_align:center&#8221; use_theme_fonts=&#8221;yes&#8221;]<div id=\"porto-carousel-162407805269da1967ab0a8\" class=\"porto-carousel-wrapper\" data-gutter=\"15\" data-rtl=\"false\" ><div class=\"porto-ultimate-carousel porto-carousel-44303815769da1967ab02a \" >[vc_single_image image=&#8221;100&#8243; img_size=&#8221;full&#8221;][vc_single_image image=&#8221;101&#8243; img_size=&#8221;full&#8221;][vc_single_image image=&#8221;105&#8243; img_size=&#8221;full&#8221;][vc_single_image image=&#8221;418&#8243; img_size=&#8221;full&#8221;][vc_single_image image=&#8221;388&#8243; img_size=&#8221;full&#8221;][vc_single_image image=&#8221;389&#8243; img_size=&#8221;full&#8221;]<\/div><\/div><script>\n\t(function(){\n\t\tvar porto_inc_slick_js = function() {\n\t\t\t( function( $ ) {\n\t\t\t\tif ( $.fn.slick ) {\n\t\t\t\t\t$('.porto-carousel-44303815769da1967ab02a').slick({dots: false,autoplay: true,autoplaySpeed: 5000,speed: 300,infinite: true,arrows: true,nextArrow: '<button type=\"button\" role=\"button\" aria-label=\"Next\" style=\"color:#333333; font-size:20px;\" class=\"slick-next default\"><i class=\"fas fa-chevron-right\"><\/i><\/button>',prevArrow: '<button type=\"button\" role=\"button\" aria-label=\"Previous\" style=\"color:#333333; font-size:20px;\" class=\"slick-prev default\"><i class=\"fas fa-chevron-left\"><\/i><\/button>',slidesToScroll:6,slidesToShow:6,swipe: true,draggable: true,touchMove: true,pauseOnHover: true,responsive: [\n\t\t\t\t{\n\t\t\t\t  breakpoint: 1025,\n\t\t\t\t  settings: {\n\t\t\t\t\tslidesToShow: 6,\n\t\t\t\t\tslidesToScroll: 6,  \n\t\t\t\t  }\n\t\t\t\t},\n\t\t\t\t{\n\t\t\t\t  breakpoint: 769,\n\t\t\t\t  settings: {\n\t\t\t\t\tslidesToShow: 3,\n\t\t\t\t\tslidesToScroll: 3\n\t\t\t\t  }\n\t\t\t\t},\n\t\t\t\t{\n\t\t\t\t  breakpoint: 481,\n\t\t\t\t  settings: {\n\t\t\t\t\tslidesToShow: 2,\n\t\t\t\t\tslidesToScroll: 2\n\t\t\t\t  }\n\t\t\t\t}\n\t\t\t],pauseOnDotsHover: true,customPaging: function(slider, i) {\n\t   return '<i type=\"button\" style=\"color:#333333;\" class=\"far fa-circle\" data-role=\"none\"><\/i>';\n\t},});\n\t\t\t\t} else {\n\t\t\t\t\t\t\t\t}\n\t\t\t} )( jQuery );\n\t\t};\n\n\t\tif ( window.theme && theme.isLoaded ) {\n\t\t\tporto_inc_slick_js();\n\t\t} else {\n\t\t\twindow.addEventListener( 'load', porto_inc_slick_js );\n\t\t}\n\t})();\n<\/script>\n[\/vc_column][\/vc_row]<\/p>\n<\/div>","protected":false},"excerpt":{"rendered":"<p>[vc_row full_width=&#8221;stretch_row&#8221; el_class=&#8221;wrap_gthieu&#8221; conditional_render=&#8221;%5B%7B%22value_role%22%3A%22administrator%22%7D%5D&#8221; css=&#8221;.vc_custom_1725938832663{background-image: url(https:\/\/thank1.mypagedemo.com\/tevc\/wp-content\/uploads\/2024\/09\/gthieu-bg.png?id=137) !important;}&#8221;][vc_column width=&#8221;1\/2&#8243; conditional_render=&#8221;%5B%7B%22value_role%22%3A%22administrator%22%7D%5D&#8221;][vc_column_text el_class=&#8221;justify&#8221;] V\u1ec0 CH\u00daNG T\u00d4I TOP ENGINEERING VIET NAM CO., LTD (TEVC) Th\u00e0nh l\u1eadp t\u1eeb n\u0103m 2016 d\u01b0\u1edbi s\u1ef1 b\u1ea3o tr\u1ee3 c\u1ee7a t\u1eadp \u0111o\u00e0n Taisei Oncho Nh\u1eadt B\u1ea3n, Top Engineering Vi\u1ec7t Nam Co., LTD (TEVC) \u0111\u00e3 nhanh ch\u00f3ng kh\u1eb3ng \u0111\u1ecbnh v\u1ecb th\u1ebf l\u00e0 m\u1ed9t trong nh\u1eefng \u0111\u01a1n [&hellip;]<\/p>\n","protected":false},"author":1,"featured_media":0,"parent":0,"menu_order":0,"comment_status":"closed","ping_status":"closed","template":"","meta":{"footnotes":""},"class_list":["post-73","page","type-page","status-publish","hentry"],"_links":{"self":[{"href":"https:\/\/thank1.mypagedemo.com\/tevc\/wp-json\/wp\/v2\/pages\/73"}],"collection":[{"href":"https:\/\/thank1.mypagedemo.com\/tevc\/wp-json\/wp\/v2\/pages"}],"about":[{"href":"https:\/\/thank1.mypagedemo.com\/tevc\/wp-json\/wp\/v2\/types\/page"}],"author":[{"embeddable":true,"href":"https:\/\/thank1.mypagedemo.com\/tevc\/wp-json\/wp\/v2\/users\/1"}],"replies":[{"embeddable":true,"href":"https:\/\/thank1.mypagedemo.com\/tevc\/wp-json\/wp\/v2\/comments?post=73"}],"version-history":[{"count":79,"href":"https:\/\/thank1.mypagedemo.com\/tevc\/wp-json\/wp\/v2\/pages\/73\/revisions"}],"predecessor-version":[{"id":529,"href":"https:\/\/thank1.mypagedemo.com\/tevc\/wp-json\/wp\/v2\/pages\/73\/revisions\/529"}],"wp:attachment":[{"href":"https:\/\/thank1.mypagedemo.com\/tevc\/wp-json\/wp\/v2\/media?parent=73"}],"curies":[{"name":"wp","href":"https:\/\/api.w.org\/{rel}","templated":true}]}}