{"id":50,"date":"2024-08-22T05:14:30","date_gmt":"2024-08-22T05:14:30","guid":{"rendered":"https:\/\/thank1.mypagedemo.com\/tevc\/?page_id=50"},"modified":"2024-10-02T03:19:31","modified_gmt":"2024-10-02T03:19:31","slug":"gioi-thieu","status":"publish","type":"page","link":"https:\/\/thank1.mypagedemo.com\/tevc\/gioi-thieu\/","title":{"rendered":"Gi\u1edbi thi\u1ec7u"},"content":{"rendered":"<div class=\"wpb-content-wrapper\"><p>[vc_row el_class=&#8221;gthieu_thongdiep&#8221; conditional_render=&#8221;%5B%7B%22value_role%22%3A%22administrator%22%7D%5D&#8221;][vc_column width=&#8221;1\/2&#8243;][vc_custom_heading text=&#8221;TH\u00d4NG \u0110I\u1ec6P C\u1ee6A T\u1ed4NG GI\u00c1M \u0110\u1ed0C&#8221; use_theme_fonts=&#8221;yes&#8221;][vc_column_text]<b>\u201cThay \u0111\u1ed5i \u0111\u1ec3 t\u1ed3n t\u1ea1i, c\u1ea3i ti\u1ebfn \u0111\u1ec3 ph\u00e1t tri\u1ec3n\u201d<\/b>, \u1edf TEVC &#8211; ch\u00fang t\u00f4i kh\u00f4ng ng\u1eebng thay \u0111\u1ed5i \u0111\u1ec3 t\u1ed3n t\u1ea1i trong m\u00f4i tr\u01b0\u1eddng kinh doanh kh\u1eafc nghi\u1ec7t, \u0111\u1ed3ng th\u1eddi th\u00fac \u0111\u1ea9y s\u1ef1 c\u1ea3i ti\u1ebfn li\u00ean t\u1ee5c nh\u01b0 m\u1ed9t y\u1ebfu t\u1ed1 c\u1ed1t l\u00f5i \u0111\u1ec3 doanh nghi\u1ec7p ph\u00e1t tri\u1ec3n b\u1ec1n v\u1eefng. \u0110\u00f3 c\u0169ng l\u00e0 kim ch\u1ec9 nam tr\u00ean con \u0111\u01b0\u1eddng v\u1eadn h\u00e0nh doanh nghi\u1ec7p c\u1ee7a ch\u00fang t\u00f4i.<\/p>\n<p>Th\u00e0nh l\u1eadp v\u00e0o n\u0103m 2016 d\u01b0\u1edbi s\u1ef1 b\u1ea3o tr\u1ee3 c\u1ee7a T\u1eadp \u0111o\u00e0n Taisei Oncho Nh\u1eadt B\u1ea3n, Top Engineering Vi\u1ec7t Nam (TEVC) \u0111\u00e3 nhanh ch\u00f3ng kh\u1eb3ng \u0111\u1ecbnh v\u1ecb th\u1ebf l\u00e0 m\u1ed9t trong nh\u1eefng \u0111\u01a1n v\u1ecb h\u00e0ng \u0111\u1ea7u t\u1ea1i Vi\u1ec7t Nam trong l\u0129nh v\u1ef1c t\u01b0 v\u1ea5n v\u00e0 thi\u1ebft k\u1ebf h\u1ec7 th\u1ed1ng c\u01a1 \u0111i\u1ec7n. V\u1edbi kinh nghi\u1ec7m d\u00e0y d\u1eb7n v\u00e0 \u0111\u1ed9i ng\u0169 k\u1ef9 s\u01b0 chuy\u00ean m\u00f4n cao, TEVC cung c\u1ea5p c\u00e1c d\u1ecbch v\u1ee5 to\u00e0n di\u1ec7n, t\u1eeb thi\u1ebft k\u1ebf \u00fd t\u01b0\u1edfng \u0111\u1ebfn thi\u1ebft k\u1ebf chi ti\u1ebft, l\u1eadp d\u1ef1 to\u00e1n chi ph\u00ed, \u0111\u1ebfn thi\u1ebft l\u1eadp b\u1ea3n v\u1ebd thi c\u00f4ng v\u00e0 gi\u1ea3i ph\u00e1p BIM ti\u00ean ti\u1ebfn.<\/p>\n<p>Ch\u00fang t\u00f4i \u0111\u00e3 v\u00e0 \u0111ang n\u1ed7 l\u1ef1c kh\u00f4ng ng\u1eebng \u0111\u1ec3 n\u00e2ng cao tr\u00ecnh \u0111\u1ed9 chuy\u00ean m\u00f4n k\u1ef9 thu\u1eadt, \u0111a d\u1ea1ng h\u00f3a l\u0129nh v\u1ef1c nh\u1eb1m c\u00f3 th\u1ec3 \u0111\u00e1p \u1ee9ng \u0111\u01b0\u1ee3c s\u1ef1 thay \u0111\u1ed5i nhu c\u1ea7u li\u00ean t\u1ee5c c\u1ee7a kh\u00e1ch h\u00e0ng. Do v\u1eady, k\u00ednh mong Qu\u00fd kh\u00e1ch h\u00e0ng h\u00e3y ti\u1ebfp t\u1ee5c h\u1ed7 tr\u1ee3, h\u1ee3p t\u00e1c v\u00e0 tin t\u01b0\u1edfng \u1edf TEVC.[\/vc_column_text][\/vc_column][vc_column width=&#8221;1\/2&#8243;][vc_single_image image=&#8221;438&#8243; img_size=&#8221;full&#8221;][\/vc_column][\/vc_row][vc_row el_class=&#8221;wrap_trietly&#8221; conditional_render=&#8221;%5B%7B%22value_role%22%3A%22administrator%22%7D%5D&#8221;][vc_column][vc_custom_heading text=&#8221;TRI\u1ebeT L\u00dd KINH DOANH&#8221; use_theme_fonts=&#8221;yes&#8221;][vc_column_text]B\u1eb1ng vi\u1ec7c c\u1ea3i ti\u1ebfn li\u00ean t\u1ee5c trong c\u00f4ng vi\u1ec7c c\u1ee7a m\u1ecdi th\u00e0nh vi\u00ean, t\u1eeb Ban Gi\u00e1m \u0110\u1ed1c cho t\u1edbi c\u00e1c K\u1ef9 s\u01b0 v\u00e0 c\u1ea3 nh\u1eefng Nh\u00e2n vi\u00ean v\u0103n ph\u00f2ng, S\u1ee8 M\u1ec6NH c\u1ee7a TEVC l\u00e0:[\/vc_column_text]<div class=\"porto-sicon-box  wpb_custom_1efe903570d178ff0a9b7bfa5febd3a4 style_1 left-icon\"><div class=\"porto-sicon-left\"><div id=\"porto-icon-153327906569da1a9b7176e\" class=\"porto-just-icon-wrapper porto-sicon-img\" style=\"font-size: 130px;\"><img loading=\"lazy\" decoding=\"async\" class=\"img-icon\" alt=\"Tri\u1ebft k\u00fd kinh doanh TEVC\" src=\"https:\/\/thank1.mypagedemo.com\/tevc\/wp-content\/uploads\/2024\/09\/icon-trietly.png\" width=\"130\" height=\"156\" \/><\/div><\/div><div class=\"porto-sicon-body\"><div class=\"porto-sicon-header\"><h3 class=\"porto-sicon-title\" style=\"\">NH\u00c2N VI\u00caN<\/h3><\/div> <!-- header --><div class=\"porto-sicon-description\" style=\"\">Gi\u1eef tr\u1ecdn ch\u1eef <strong>T\u00c2M<\/strong>, t\u1ea1o ra m\u00f4i tr\u01b0\u1eddng \u0111o\u00e0n k\u1ebft, y\u00eau th\u01b0\u01a1ng, c\u00f9ng nhau ph\u1ea5n \u0111\u1ea5u v\u00ec m\u1ee5c ti\u00eau chung.<\/div> <!-- description --><\/div><\/div><!-- porto-sicon-box --><div class=\"porto-sicon-box  wpb_custom_1efe903570d178ff0a9b7bfa5febd3a4 style_1 left-icon\"><div class=\"porto-sicon-left\"><div id=\"porto-icon-168799956169da1a9b72148\" class=\"porto-just-icon-wrapper porto-sicon-img\" style=\"font-size: 130px;\"><img loading=\"lazy\" decoding=\"async\" class=\"img-icon\" alt=\"Tri\u1ebft k\u00fd kinh doanh TEVC\" src=\"https:\/\/thank1.mypagedemo.com\/tevc\/wp-content\/uploads\/2024\/09\/icon-trietly.png\" width=\"130\" height=\"156\" \/><\/div><\/div><div class=\"porto-sicon-body\"><div class=\"porto-sicon-header\"><h3 class=\"porto-sicon-title\" style=\"\">KH\u00c1CH H\u00c0NG<\/h3><\/div> <!-- header --><div class=\"porto-sicon-description\" style=\"\">Cam k\u1ebft mang l\u1ea1i nh\u1eefng gi\u1ea3i ph\u00e1p k\u1ef9 thu\u1eadt <strong>CH\u1ea4T L\u01af\u1ee2NG &#8211; KINH T\u1ebe<\/strong> nh\u1ea5t.<\/div> <!-- description --><\/div><\/div><!-- porto-sicon-box --><div class=\"porto-sicon-box  wpb_custom_1efe903570d178ff0a9b7bfa5febd3a4 style_1 left-icon\"><div class=\"porto-sicon-left\"><div id=\"porto-icon-81493051969da1a9b72a8f\" class=\"porto-just-icon-wrapper porto-sicon-img\" style=\"font-size: 130px;\"><img loading=\"lazy\" decoding=\"async\" class=\"img-icon\" alt=\"Tri\u1ebft k\u00fd kinh doanh TEVC\" src=\"https:\/\/thank1.mypagedemo.com\/tevc\/wp-content\/uploads\/2024\/09\/icon-trietly.png\" width=\"130\" height=\"156\" \/><\/div><\/div><div class=\"porto-sicon-body\"><div class=\"porto-sicon-header\"><h3 class=\"porto-sicon-title\" style=\"\">X\u00c3 H\u1ed8I<\/h3><\/div> <!-- header --><div class=\"porto-sicon-description\" style=\"\">G\u00f3p ph\u1ea7n t\u1ea1o n\u00ean nh\u1eefng c\u00f4ng tr\u00ecnh hi\u1ec7n \u0111\u1ea1i, an to\u00e0n v\u00e0 <strong>TH\u00c2N THI\u1ec6N<\/strong> v\u1edbi m\u00f4i tr\u01b0\u1eddng.<\/div> <!-- description --><\/div><\/div><!-- porto-sicon-box -->[\/vc_column][\/vc_row][vc_row el_class=&#8221;gthieu_tochuc&#8221; conditional_render=&#8221;%5B%7B%22value_role%22%3A%22administrator%22%7D%5D&#8221;][vc_column][vc_custom_heading text=&#8221;S\u01a0 \u0110\u1ed2 T\u1ed4 CH\u1ee8C&#8221; font_container=&#8221;tag:h2|text_align:center&#8221; use_theme_fonts=&#8221;yes&#8221;][vc_single_image image=&#8221;458&#8243; img_size=&#8221;full&#8221; alignment=&#8221;center&#8221;][\/vc_column][\/vc_row][vc_row el_class=&#8221;wrap_nhanvien&#8221; conditional_render=&#8221;%5B%7B%22value_role%22%3A%22administrator%22%7D%5D&#8221;][vc_column][vc_custom_heading text=&#8221;GI\u1edaI THI\u1ec6U NH\u00c2N VI\u00caN&#8221; font_container=&#8221;tag:h2|text_align:center&#8221; use_theme_fonts=&#8221;yes&#8221;][vc_row_inner el_class=&#8221;gthieu_giamdoc&#8221;][vc_column_inner width=&#8221;1\/3&#8243;]<div class=\"porto-sicon-box  wpb_custom_6bd3ea43243bb56571d580d187f8d1d7 style_1 top-icon\"><div class=\"porto-sicon-top\"><div id=\"porto-icon-97691953469da1a9b736b5\" class=\"porto-just-icon-wrapper porto-sicon-img\" style=\"font-size: 300px;\"><img loading=\"lazy\" decoding=\"async\" class=\"img-icon\" alt=\"T\u1ed5ng gi\u00e1m \u0111\u1ed1c\" src=\"https:\/\/thank1.mypagedemo.com\/tevc\/wp-content\/uploads\/2024\/09\/Mr.Quang_.jpg\" width=\"800\" height=\"1200\" \/><\/div><\/div><div class=\"porto-sicon-header\"><h3 class=\"porto-sicon-title\" style=\"\">Mr. Quang<\/h3><\/div> <!-- header --><div class=\"porto-sicon-description\" style=\"\">T\u1ed5ng gi\u00e1m \u0111\u1ed1c<\/div> <!-- description --><\/div><!-- porto-sicon-box -->[\/vc_column_inner][vc_column_inner width=&#8221;1\/3&#8243;]<div class=\"porto-sicon-box  wpb_custom_6bd3ea43243bb56571d580d187f8d1d7 style_1 top-icon\"><div class=\"porto-sicon-top\"><div id=\"porto-icon-67217431869da1a9b7427b\" class=\"porto-just-icon-wrapper porto-sicon-img\" style=\"font-size: 300px;\"><img loading=\"lazy\" decoding=\"async\" class=\"img-icon\" alt=\"C\u1ed1 v\u1ea5n\" src=\"https:\/\/thank1.mypagedemo.com\/tevc\/wp-content\/uploads\/2024\/09\/mr-yama.jpg\" width=\"800\" height=\"1200\" \/><\/div><\/div><div class=\"porto-sicon-header\"><h3 class=\"porto-sicon-title\" style=\"\">Mr. Yamamoto<\/h3><\/div> <!-- header --><div class=\"porto-sicon-description\" style=\"\">C\u1ed1 v\u1ea5n<\/div> <!-- description --><\/div><!-- porto-sicon-box -->[\/vc_column_inner][vc_column_inner width=&#8221;1\/3&#8243;]<div class=\"porto-sicon-box  wpb_custom_6bd3ea43243bb56571d580d187f8d1d7 style_1 top-icon\"><div class=\"porto-sicon-top\"><div id=\"porto-icon-93312943069da1a9b74e11\" class=\"porto-just-icon-wrapper porto-sicon-img\" style=\"font-size: 300px;\"><img loading=\"lazy\" decoding=\"async\" class=\"img-icon\" alt=\"C\u1ed1 v\u1ea5n\" src=\"https:\/\/thank1.mypagedemo.com\/tevc\/wp-content\/uploads\/2024\/09\/mr-quoc.jpg\" width=\"547\" height=\"821\" \/><\/div><\/div><div class=\"porto-sicon-header\"><h3 class=\"porto-sicon-title\" style=\"\">Mr. Qu\u1ed1c<\/h3><\/div> <!-- header --><div class=\"porto-sicon-description\" style=\"\">C\u1ed1 v\u1ea5n<\/div> <!-- description --><\/div><!-- porto-sicon-box -->[\/vc_column_inner][\/vc_row_inner][vc_row_inner el_class=&#8221;gthieu_nhanvien&#8221;][vc_column_inner width=&#8221;1\/4&#8243;]<div class=\"porto-sicon-box  wpb_custom_6bd3ea43243bb56571d580d187f8d1d7 style_1 top-icon\"><div class=\"porto-sicon-top\"><div id=\"porto-icon-201941051269da1a9b759a2\" class=\"porto-just-icon-wrapper porto-sicon-img\" style=\"font-size: 300px;\"><img loading=\"lazy\" decoding=\"async\" class=\"img-icon\" alt=\"\" src=\"https:\/\/thank1.mypagedemo.com\/tevc\/wp-content\/uploads\/2024\/09\/mr-anh.jpg\" width=\"800\" height=\"1200\" \/><\/div><\/div><div class=\"porto-sicon-header\"><h3 class=\"porto-sicon-title\" style=\"\">Mr. Qu\u1ed1c Anh<\/h3><\/div> <!-- header --><div class=\"porto-sicon-description\" style=\"\">Tr\u01b0\u1edfng B\u1ed9 Ph\u1eadn<\/div> <!-- description --><\/div><!-- porto-sicon-box -->[\/vc_column_inner][vc_column_inner width=&#8221;1\/4&#8243;]<div class=\"porto-sicon-box  wpb_custom_6bd3ea43243bb56571d580d187f8d1d7 style_1 top-icon\"><div class=\"porto-sicon-top\"><div id=\"porto-icon-133093232069da1a9b7656b\" class=\"porto-just-icon-wrapper porto-sicon-img\" style=\"font-size: 300px;\"><img loading=\"lazy\" decoding=\"async\" class=\"img-icon\" alt=\"\" src=\"https:\/\/thank1.mypagedemo.com\/tevc\/wp-content\/uploads\/2024\/09\/ms-dieu.jpg\" width=\"800\" height=\"1200\" \/><\/div><\/div><div class=\"porto-sicon-header\"><h3 class=\"porto-sicon-title\" style=\"\">Ms. Di\u1ec7u<\/h3><\/div> <!-- header --><div class=\"porto-sicon-description\" style=\"\">Tr\u01b0\u1edfng B\u1ed9 Ph\u1eadn<\/div> <!-- description --><\/div><!-- porto-sicon-box -->[\/vc_column_inner][vc_column_inner width=&#8221;1\/4&#8243;]<div class=\"porto-sicon-box  wpb_custom_6bd3ea43243bb56571d580d187f8d1d7 style_1 top-icon\"><div class=\"porto-sicon-top\"><div id=\"porto-icon-105860273469da1a9b77136\" class=\"porto-just-icon-wrapper porto-sicon-img\" style=\"font-size: 300px;\"><img loading=\"lazy\" decoding=\"async\" class=\"img-icon\" alt=\"Tr\u01b0\u1edfng ph\u00f2ng\" src=\"https:\/\/thank1.mypagedemo.com\/tevc\/wp-content\/uploads\/2024\/09\/mr-quan.jpg\" width=\"800\" height=\"1200\" \/><\/div><\/div><div class=\"porto-sicon-header\"><h3 class=\"porto-sicon-title\" style=\"\">Mr. Qu\u00e2n<\/h3><\/div> <!-- header --><div class=\"porto-sicon-description\" style=\"\">Tr\u01b0\u1edfng B\u1ed9 Ph\u1eadn<\/div> <!-- description --><\/div><!-- porto-sicon-box -->[\/vc_column_inner][vc_column_inner width=&#8221;1\/4&#8243;]<div class=\"porto-sicon-box  wpb_custom_6bd3ea43243bb56571d580d187f8d1d7 style_1 top-icon\"><div class=\"porto-sicon-top\"><div id=\"porto-icon-49029976069da1a9b77cbe\" class=\"porto-just-icon-wrapper porto-sicon-img\" style=\"font-size: 300px;\"><img loading=\"lazy\" decoding=\"async\" class=\"img-icon\" alt=\"Tr\u01b0\u1edfng ph\u00f2ng\" src=\"https:\/\/thank1.mypagedemo.com\/tevc\/wp-content\/uploads\/2024\/09\/mr-tuan.jpg\" width=\"800\" height=\"1196\" \/><\/div><\/div><div class=\"porto-sicon-header\"><h3 class=\"porto-sicon-title\" style=\"\">Mr. Tu\u1ea5n<\/h3><\/div> <!-- header --><div class=\"porto-sicon-description\" style=\"\">Tr\u01b0\u1edfng B\u1ed9 Ph\u1eadn<\/div> <!-- description --><\/div><!-- porto-sicon-box -->[\/vc_column_inner][\/vc_row_inner][vc_row_inner el_class=&#8221;gthieu_nhanvien&#8221;][vc_column_inner width=&#8221;1\/4&#8243;]<div class=\"porto-sicon-box  wpb_custom_6bd3ea43243bb56571d580d187f8d1d7 style_1 top-icon\"><div class=\"porto-sicon-top\"><div id=\"porto-icon-70843071769da1a9b7882b\" class=\"porto-just-icon-wrapper porto-sicon-img\" style=\"font-size: 300px;\"><img loading=\"lazy\" decoding=\"async\" class=\"img-icon\" alt=\"Ph\u00f3 B\u1ed9 Ph\u1eadn\" src=\"https:\/\/thank1.mypagedemo.com\/tevc\/wp-content\/uploads\/2024\/09\/mr-n-tai.jpg\" width=\"800\" height=\"1199\" \/><\/div><\/div><div class=\"porto-sicon-header\"><h3 class=\"porto-sicon-title\" style=\"\">Mr. Ng\u1ecdc T\u00e0i<\/h3><\/div> <!-- header --><div class=\"porto-sicon-description\" style=\"\">Ph\u00f3 B\u1ed9 Ph\u1eadn<\/div> <!-- description --><\/div><!-- porto-sicon-box -->[\/vc_column_inner][vc_column_inner width=&#8221;1\/4&#8243;]<div class=\"porto-sicon-box  wpb_custom_6bd3ea43243bb56571d580d187f8d1d7 style_1 top-icon\"><div class=\"porto-sicon-top\"><div id=\"porto-icon-16909917269da1a9b79388\" class=\"porto-just-icon-wrapper porto-sicon-img\" style=\"font-size: 300px;\"><img loading=\"lazy\" decoding=\"async\" class=\"img-icon\" alt=\"Tr\u01b0\u1edfng ph\u00f2ng\" src=\"https:\/\/thank1.mypagedemo.com\/tevc\/wp-content\/uploads\/2024\/09\/mr-binh.jpg\" width=\"800\" height=\"1200\" \/><\/div><\/div><div class=\"porto-sicon-header\"><h3 class=\"porto-sicon-title\" style=\"\">Mr. B\u00ecnh<\/h3><\/div> <!-- header --><div class=\"porto-sicon-description\" style=\"\">Ph\u00f3 B\u1ed9 Ph\u1eadn<\/div> <!-- description --><\/div><!-- porto-sicon-box -->[\/vc_column_inner][vc_column_inner width=&#8221;1\/4&#8243;]<div class=\"porto-sicon-box  wpb_custom_6bd3ea43243bb56571d580d187f8d1d7 style_1 top-icon\"><div class=\"porto-sicon-top\"><div id=\"porto-icon-75810511569da1a9b79f25\" class=\"porto-just-icon-wrapper porto-sicon-img\" style=\"font-size: 300px;\"><img loading=\"lazy\" decoding=\"async\" class=\"img-icon\" alt=\"\" src=\"https:\/\/thank1.mypagedemo.com\/tevc\/wp-content\/uploads\/2024\/09\/mr-tin.jpg\" width=\"800\" height=\"1188\" \/><\/div><\/div><div class=\"porto-sicon-header\"><h3 class=\"porto-sicon-title\" style=\"\">Mr. T\u00edn<\/h3><\/div> <!-- header --><div class=\"porto-sicon-description\" style=\"\">Ph\u00f3 B\u1ed9 Ph\u1eadn<\/div> <!-- description --><\/div><!-- porto-sicon-box -->[\/vc_column_inner][vc_column_inner width=&#8221;1\/4&#8243;]<div class=\"porto-sicon-box  wpb_custom_6bd3ea43243bb56571d580d187f8d1d7 style_1 top-icon\"><div class=\"porto-sicon-top\"><div id=\"porto-icon-160080961269da1a9b7aa94\" class=\"porto-just-icon-wrapper porto-sicon-img\" style=\"font-size: 300px;\"><img loading=\"lazy\" decoding=\"async\" class=\"img-icon\" alt=\"\" src=\"https:\/\/thank1.mypagedemo.com\/tevc\/wp-content\/uploads\/2024\/09\/mr-t-tai.jpg\" width=\"800\" height=\"1199\" \/><\/div><\/div><div class=\"porto-sicon-header\"><h3 class=\"porto-sicon-title\" style=\"\">Mr. T\u1ea5n T\u00e0i<\/h3><\/div> <!-- header --><div class=\"porto-sicon-description\" style=\"\">Ph\u00f3 B\u1ed9 Ph\u1eadn<\/div> <!-- description --><\/div><!-- porto-sicon-box -->[\/vc_column_inner][\/vc_row_inner][\/vc_column][\/vc_row][vc_row el_class=&#8221;wrap_duan&#8221; conditional_render=&#8221;%5B%7B%22value_role%22%3A%22administrator%22%7D%5D&#8221;][vc_column][vc_custom_heading text=&#8221;D\u1ef0 \u00c1N \u0110\u00c3 HO\u00c0N TH\u00c0NH&#8221; font_container=&#8221;tag:h2|text_align:center&#8221; use_theme_fonts=&#8221;yes&#8221;][vc_column_text el_class=&#8221;wrap_duantable&#8221;]<\/p>\n<table class=\"aligncenter\">\n<thead>\n<tr>\n<th style=\"width: 7.78324%;\"><strong>Th\u1eddi gian<\/strong><\/th>\n<th style=\"width: 8.66996%;\"><strong>T\u00ean d\u1ef1 \u00e1n<\/strong><\/th>\n<th style=\"width: 9.45828%;\"><strong>\u0110\u1ecba \u0111i\u1ec3m<\/strong><\/th>\n<th style=\"width: 14.8768%;\"><strong>Lo\u1ea1i d\u1ef1 \u00e1n<\/strong><\/th>\n<th style=\"width: 15.7636%;\"><strong>Di\u1ec7n t\u00edch s\u00e0n\uff08\u33a1\uff09<\/strong><\/th>\n<th style=\"width: 41.9704%;\"><strong>N\u1ed9i dung th\u1ef1c hi\u1ec7n<\/strong><\/th>\n<\/tr>\n<\/thead>\n<tbody>\n<tr>\n<td style=\"width: 7.78324%;\">2024<\/td>\n<td style=\"width: 8.66996%;\">STGY<\/td>\n<td style=\"width: 9.45828%;\">Nh\u1eadt B\u1ea3n<\/td>\n<td style=\"width: 14.8768%;\">T\u00f2a nh\u00e0 v\u0103n ph\u00f2ng<\/td>\n<td style=\"width: 15.7636%;\">322,2<\/td>\n<td style=\"width: 41.9704%;\">M\u00f4 h\u00ecnh BIM Ki\u1ec3m tra xung \u0111\u1ed9t V\u1ebd b\u1ea3n v\u1ebd thi c\u00f4ng<\/td>\n<\/tr>\n<tr>\n<td style=\"width: 7.78324%;\">2024<\/td>\n<td style=\"width: 8.66996%;\">SBY<\/td>\n<td style=\"width: 9.45828%;\">Nh\u1eadt B\u1ea3n<\/td>\n<td style=\"width: 14.8768%;\">Khu ph\u1ee9c h\u1ee3p<\/td>\n<td style=\"width: 15.7636%;\">36,4<\/td>\n<td style=\"width: 41.9704%;\">M\u00f4 h\u00ecnh BIM Ki\u1ec3m tra xung \u0111\u1ed9t V\u1ebd b\u1ea3n v\u1ebd thi c\u00f4ng<\/td>\n<\/tr>\n<tr>\n<td style=\"width: 7.78324%;\">2024<\/td>\n<td style=\"width: 8.66996%;\">FTB<\/td>\n<td style=\"width: 9.45828%;\">Nh\u1eadt B\u1ea3n<\/td>\n<td style=\"width: 14.8768%;\">Tr\u01b0\u1eddng \u0111\u1ea1i h\u1ecdc<\/td>\n<td style=\"width: 15.7636%;\">14,401<\/td>\n<td style=\"width: 41.9704%;\">Thi\u1ebft k\u1ebf c\u1ea3i t\u1ea1o th\u1ec7 th\u1ed1ng \u0111i\u1ec1u h\u00f2a kh\u00f4ng kh\u00ed D\u1ef1 to\u00e1n chi ph\u00ed h\u1ec7 th\u1ed1ng \u0111i\u1ec1u h\u00f2a kh\u00f4ng kh\u00ed<\/td>\n<\/tr>\n<tr>\n<td style=\"width: 7.78324%;\">2023<\/td>\n<td style=\"width: 8.66996%;\">AYM<\/td>\n<td style=\"width: 9.45828%;\">Nh\u1eadt B\u1ea3n<\/td>\n<td style=\"width: 14.8768%;\">K\u00fd t\u00fac x\u00e1 \u0111\u1ea1i h\u1ecdc<\/td>\n<td style=\"width: 15.7636%;\">1<\/td>\n<td style=\"width: 41.9704%;\">Thi\u1ebft k\u1ebf c\u1ea3i t\u1ea1o th\u1ec7 th\u1ed1ng c\u1ea5p tho\u00e1t n\u01b0\u1edbc D\u1ef1 to\u00e1n chi ph\u00ed h\u1ec7 th\u1ed1ng c\u1ea5p tho\u00e1t n\u01b0\u1edbc<\/td>\n<\/tr>\n<tr>\n<td style=\"width: 7.78324%;\">2023<\/td>\n<td style=\"width: 8.66996%;\">JN<\/td>\n<td style=\"width: 9.45828%;\">Nh\u1eadt B\u1ea3n<\/td>\n<td style=\"width: 14.8768%;\">T\u00f2a nh\u00e0 v\u0103n ph\u00f2ng<\/td>\n<td style=\"width: 15.7636%;\">1293.9<\/td>\n<td style=\"width: 41.9704%;\">Thi\u1ebft k\u1ebf c\u01a1 b\u1ea3n h\u1ec7 th\u1ed1ng MEP Thi\u1ebft k\u1ebf chi ti\u1ebft h\u1ec7 th\u1ed1ng MEP Ki\u1ec3m tra xung \u0111\u1ed9t D\u1ef1 to\u00e1n chi ph\u00ed h\u1ec7 th\u1ed1ng MEP<\/td>\n<\/tr>\n<tr>\n<td style=\"width: 7.78324%;\">2023<\/td>\n<td style=\"width: 8.66996%;\">MRP<\/td>\n<td style=\"width: 9.45828%;\">Nh\u1eadt B\u1ea3n<\/td>\n<td style=\"width: 14.8768%;\">Khu tr\u01b0\u1ee3t b\u0103ng<\/td>\n<td style=\"width: 15.7636%;\">15<\/td>\n<td style=\"width: 41.9704%;\">Thi\u1ebft k\u1ebf h\u1ec7 th\u1ed1ng c\u1ea5p tho\u00e1t n\u01b0\u1edbc D\u1ef1 to\u00e1n chi ph\u00ed h\u1ec7 th\u1ed1ng c\u1ea5p tho\u00e1t n\u01b0\u1edbc<\/td>\n<\/tr>\n<tr>\n<td style=\"width: 7.78324%;\">2023<\/td>\n<td style=\"width: 8.66996%;\">ST<\/td>\n<td style=\"width: 9.45828%;\">Nh\u1eadt B\u1ea3n<\/td>\n<td style=\"width: 14.8768%;\">Nh\u00e0 m\u00e1y s\u1ea3n xu\u1ea5t<\/td>\n<td style=\"width: 15.7636%;\"><\/td>\n<td style=\"width: 41.9704%;\">Thi\u1ebft k\u1ebf c\u1ea3i t\u1ea1o th\u1ec7 th\u1ed1ng \u0111i\u1ec1u h\u00f2a kh\u00f4ng kh\u00ed D\u1ef1 to\u00e1n chi ph\u00ed h\u1ec7 th\u1ed1ng \u0111i\u1ec1u h\u00f2a kh\u00f4ng kh\u00ed<\/td>\n<\/tr>\n<tr>\n<td style=\"width: 7.78324%;\">2022<\/td>\n<td style=\"width: 8.66996%;\"><\/td>\n<td style=\"width: 9.45828%;\">Nh\u1eadt B\u1ea3n<\/td>\n<td style=\"width: 14.8768%;\">B\u1ec7nh vi\u1ec7n<\/td>\n<td style=\"width: 15.7636%;\">94,946<\/td>\n<td style=\"width: 41.9704%;\">Thi\u1ebft k\u1ebf c\u01a1 b\u1ea3n h\u1ec7 th\u1ed1ng MEP<\/td>\n<\/tr>\n<tr>\n<td style=\"width: 7.78324%;\">2022<\/td>\n<td style=\"width: 8.66996%;\"><\/td>\n<td style=\"width: 9.45828%;\">Nh\u1eadt B\u1ea3n<\/td>\n<td style=\"width: 14.8768%;\">Vi\u1ec7n d\u01b0\u1ee1ng l\u00e3o<\/td>\n<td style=\"width: 15.7636%;\"><\/td>\n<td style=\"width: 41.9704%;\">D\u1ef1 to\u00e1n chi ph\u00ed h\u1ec7 th\u1ed1ng MEP<\/td>\n<\/tr>\n<tr>\n<td style=\"width: 7.78324%;\">2022<\/td>\n<td style=\"width: 8.66996%;\">AEM<\/td>\n<td style=\"width: 9.45828%;\">Vi\u1ec7t Nam<\/td>\n<td style=\"width: 14.8768%;\">Trung t\u00e2m th\u01b0\u01a1ng m\u1ea1i<\/td>\n<td style=\"width: 15.7636%;\">11,562<\/td>\n<td style=\"width: 41.9704%;\">Thi\u1ebft k\u1ebf c\u01a1 b\u1ea3n h\u1ec7 th\u1ed1ng MEP<\/td>\n<\/tr>\n<tr>\n<td style=\"width: 7.78324%;\">2022<\/td>\n<td style=\"width: 8.66996%;\">LG<\/td>\n<td style=\"width: 9.45828%;\">Nh\u1eadt B\u1ea3n<\/td>\n<td style=\"width: 14.8768%;\">Nh\u00e0 kho<\/td>\n<td style=\"width: 15.7636%;\">90<\/td>\n<td style=\"width: 41.9704%;\">Thi\u1ebft k\u1ebf c\u01a1 b\u1ea3n h\u1ec7 th\u1ed1ng MEP Thi\u1ebft k\u1ebf chi ti\u1ebft h\u1ec7 th\u1ed1ng MEP Ki\u1ec3m tra xung \u0111\u1ed9t D\u1ef1 to\u00e1n chi ph\u00ed h\u1ec7 th\u1ed1ng MEP<\/td>\n<\/tr>\n<tr>\n<td style=\"width: 7.78324%;\">2021<\/td>\n<td style=\"width: 8.66996%;\">IBF<\/td>\n<td style=\"width: 9.45828%;\">Malaysia<\/td>\n<td style=\"width: 14.8768%;\">Nh\u00e0 m\u00e1y<\/td>\n<td style=\"width: 15.7636%;\">11,3<\/td>\n<td style=\"width: 41.9704%;\">M\u00f4 h\u00ecnh BIM Ki\u1ec3m tra xung \u0111\u1ed9t V\u1ebd b\u1ea3n v\u1ebd thi c\u00f4ng<\/td>\n<\/tr>\n<tr>\n<td style=\"width: 7.78324%;\">2021<\/td>\n<td style=\"width: 8.66996%;\"><\/td>\n<td style=\"width: 9.45828%;\">Nh\u1eadt B\u1ea3n<\/td>\n<td style=\"width: 14.8768%;\">Nh\u00e0 thi \u0111\u1ea5u<\/td>\n<td style=\"width: 15.7636%;\"><\/td>\n<td style=\"width: 41.9704%;\">D\u1ef1 to\u00e1n chi ph\u00ed h\u1ec7 th\u1ed1ng MEP<\/td>\n<\/tr>\n<tr>\n<td style=\"width: 7.78324%;\">2020<\/td>\n<td style=\"width: 8.66996%;\">ET<\/td>\n<td style=\"width: 9.45828%;\">Vi\u1ec7t Nam<\/td>\n<td style=\"width: 14.8768%;\">Kh\u00e1ch s\u1ea1n<\/td>\n<td style=\"width: 15.7636%;\">26,247<\/td>\n<td style=\"width: 41.9704%;\">Thi\u1ebft k\u1ebf MEP b\u1ea3n h\u1ec7 th\u1ed1ng MEP<\/td>\n<\/tr>\n<tr>\n<td style=\"width: 7.78324%;\">2019<\/td>\n<td style=\"width: 8.66996%;\">TNCF<\/td>\n<td style=\"width: 9.45828%;\">Vi\u1ec7t Nam<\/td>\n<td style=\"width: 14.8768%;\">Nh\u00e0 m\u00e1y s\u1ea3n xu\u1ea5t<\/td>\n<td style=\"width: 15.7636%;\">27<\/td>\n<td style=\"width: 41.9704%;\">M\u00f4 h\u00ecnh BIMKi\u1ec3m tra xung \u0111\u1ed9tV\u1ebd b\u1ea3n v\u1ebd thi c\u00f4ng<\/td>\n<\/tr>\n<tr>\n<td style=\"width: 7.78324%;\">2019<\/td>\n<td style=\"width: 8.66996%;\">SBT<\/td>\n<td style=\"width: 9.45828%;\">Vi\u1ec7t Nam<\/td>\n<td style=\"width: 14.8768%;\">Nh\u00e0 ga<\/td>\n<td style=\"width: 15.7636%;\">18<\/td>\n<td style=\"width: 41.9704%;\">Thi\u1ebft k\u1ebf MEP b\u1ea3n h\u1ec7 th\u1ed1ng MEP<\/td>\n<\/tr>\n<tr>\n<td style=\"width: 7.78324%;\">2018<\/td>\n<td style=\"width: 8.66996%;\">HD2<\/td>\n<td style=\"width: 9.45828%;\">Vi\u1ec7t Nam<\/td>\n<td style=\"width: 14.8768%;\">B\u1ec7nh vi\u1ec7n<\/td>\n<td style=\"width: 15.7636%;\"><\/td>\n<td style=\"width: 41.9704%;\">Thi\u1ebft k\u1ebf MEP b\u1ea3n h\u1ec7 th\u1ed1ng MEP<\/td>\n<\/tr>\n<tr>\n<td style=\"width: 7.78324%;\">2018<\/td>\n<td style=\"width: 8.66996%;\">BCM<\/td>\n<td style=\"width: 9.45828%;\">Vi\u1ec7t Nam<\/td>\n<td style=\"width: 14.8768%;\">T\u00f2a nh\u00e0 v\u0103n ph\u00f2ng<\/td>\n<td style=\"width: 15.7636%;\">3,225<\/td>\n<td style=\"width: 41.9704%;\">Thi\u1ebft k\u1ebf MEP b\u1ea3n h\u1ec7 th\u1ed1ng MEP<\/td>\n<\/tr>\n<\/tbody>\n<\/table>\n<p>[\/vc_column_text][\/vc_column][\/vc_row]<\/p>\n<\/div>","protected":false},"excerpt":{"rendered":"<p>[vc_row el_class=&#8221;gthieu_thongdiep&#8221; conditional_render=&#8221;%5B%7B%22value_role%22%3A%22administrator%22%7D%5D&#8221;][vc_column width=&#8221;1\/2&#8243;][vc_custom_heading text=&#8221;TH\u00d4NG \u0110I\u1ec6P C\u1ee6A T\u1ed4NG GI\u00c1M \u0110\u1ed0C&#8221; use_theme_fonts=&#8221;yes&#8221;][vc_column_text]\u201cThay \u0111\u1ed5i \u0111\u1ec3 t\u1ed3n t\u1ea1i, c\u1ea3i ti\u1ebfn \u0111\u1ec3 ph\u00e1t tri\u1ec3n\u201d, \u1edf TEVC &#8211; ch\u00fang t\u00f4i kh\u00f4ng ng\u1eebng thay \u0111\u1ed5i \u0111\u1ec3 t\u1ed3n t\u1ea1i trong m\u00f4i tr\u01b0\u1eddng kinh doanh kh\u1eafc nghi\u1ec7t, \u0111\u1ed3ng th\u1eddi th\u00fac \u0111\u1ea9y s\u1ef1 c\u1ea3i ti\u1ebfn li\u00ean t\u1ee5c nh\u01b0 m\u1ed9t y\u1ebfu t\u1ed1 c\u1ed1t l\u00f5i \u0111\u1ec3 [&hellip;]<\/p>\n","protected":false},"author":1,"featured_media":0,"parent":0,"menu_order":0,"comment_status":"closed","ping_status":"closed","template":"","meta":{"footnotes":""},"class_list":["post-50","page","type-page","status-publish","hentry"],"_links":{"self":[{"href":"https:\/\/thank1.mypagedemo.com\/tevc\/wp-json\/wp\/v2\/pages\/50"}],"collection":[{"href":"https:\/\/thank1.mypagedemo.com\/tevc\/wp-json\/wp\/v2\/pages"}],"about":[{"href":"https:\/\/thank1.mypagedemo.com\/tevc\/wp-json\/wp\/v2\/types\/page"}],"author":[{"embeddable":true,"href":"https:\/\/thank1.mypagedemo.com\/tevc\/wp-json\/wp\/v2\/users\/1"}],"replies":[{"embeddable":true,"href":"https:\/\/thank1.mypagedemo.com\/tevc\/wp-json\/wp\/v2\/comments?post=50"}],"version-history":[{"count":70,"href":"https:\/\/thank1.mypagedemo.com\/tevc\/wp-json\/wp\/v2\/pages\/50\/revisions"}],"predecessor-version":[{"id":534,"href":"https:\/\/thank1.mypagedemo.com\/tevc\/wp-json\/wp\/v2\/pages\/50\/revisions\/534"}],"wp:attachment":[{"href":"https:\/\/thank1.mypagedemo.com\/tevc\/wp-json\/wp\/v2\/media?parent=50"}],"curies":[{"name":"wp","href":"https:\/\/api.w.org\/{rel}","templated":true}]}}