{"id":30,"date":"2024-08-22T04:24:50","date_gmt":"2024-08-22T04:24:50","guid":{"rendered":"https:\/\/thank1.mypagedemo.com\/tevc\/?page_id=30"},"modified":"2024-09-30T11:05:04","modified_gmt":"2024-09-30T11:05:04","slug":"du-toan-mep","status":"publish","type":"page","link":"https:\/\/thank1.mypagedemo.com\/tevc\/dich-vu\/du-toan-mep\/","title":{"rendered":"D\u1ef1 to\u00e1n MEP"},"content":{"rendered":"<div class=\"wpb-content-wrapper\"><p>[vc_row el_class=&#8221;wrap_quytrinh&#8221; conditional_render=&#8221;%5B%7B%22value_role%22%3A%22administrator%22%7D%5D&#8221;][vc_column][vc_custom_heading text=&#8221;QUY TR\u00ccNH L\u00c0M VI\u1ec6C&#8221; font_container=&#8221;tag:h3|text_align:left&#8221; use_theme_fonts=&#8221;yes&#8221;][vc_row_inner][vc_column_inner width=&#8221;1\/5&#8243;]<div class=\"porto-sicon-box  wpb_custom_6bd3ea43243bb56571d580d187f8d1d7 style_1 top-icon\"><div class=\"porto-sicon-top\"><div id=\"porto-icon-99562607269da343f080c7\" class=\"porto-just-icon-wrapper porto-sicon-img\" style=\"font-size: 260px;\"><img loading=\"lazy\" decoding=\"async\" class=\"img-icon\" alt=\"\" src=\"https:\/\/thank1.mypagedemo.com\/tevc\/wp-content\/uploads\/2024\/09\/quy-trinh-1.png\" width=\"260\" height=\"174\" \/><\/div><\/div><div class=\"porto-sicon-header\"><h3 class=\"porto-sicon-title\" style=\"\">NH\u1eacN Y\u00caU C\u1ea6U<\/h3><\/div> <!-- header --><\/div><!-- porto-sicon-box -->[\/vc_column_inner][vc_column_inner width=&#8221;1\/5&#8243;]<div class=\"porto-sicon-box  wpb_custom_6bd3ea43243bb56571d580d187f8d1d7 style_1 top-icon\"><div class=\"porto-sicon-top\"><div id=\"porto-icon-32095040869da343f089cc\" class=\"porto-just-icon-wrapper porto-sicon-img\" style=\"font-size: 260px;\"><img loading=\"lazy\" decoding=\"async\" class=\"img-icon\" alt=\"\" src=\"https:\/\/thank1.mypagedemo.com\/tevc\/wp-content\/uploads\/2024\/09\/quy-trinh-2.png\" width=\"260\" height=\"174\" \/><\/div><\/div><div class=\"porto-sicon-header\"><h3 class=\"porto-sicon-title\" style=\"\">PH\u00c2N T\u00cdCH<\/h3><\/div> <!-- header --><\/div><!-- porto-sicon-box -->[\/vc_column_inner][vc_column_inner width=&#8221;1\/5&#8243;]<div class=\"porto-sicon-box  wpb_custom_6bd3ea43243bb56571d580d187f8d1d7 style_1 top-icon\"><div class=\"porto-sicon-top\"><div id=\"porto-icon-42653271369da343f09205\" class=\"porto-just-icon-wrapper porto-sicon-img\" style=\"font-size: 260px;\"><img loading=\"lazy\" decoding=\"async\" class=\"img-icon\" alt=\"\" src=\"https:\/\/thank1.mypagedemo.com\/tevc\/wp-content\/uploads\/2024\/09\/quy-trinh-3.png\" width=\"260\" height=\"174\" \/><\/div><\/div><div class=\"porto-sicon-header\"><h3 class=\"porto-sicon-title\" style=\"\">PH\u1ea2N H\u1ed2I<\/h3><\/div> <!-- header --><\/div><!-- porto-sicon-box -->[\/vc_column_inner][vc_column_inner width=&#8221;1\/5&#8243;]<div class=\"porto-sicon-box  wpb_custom_6bd3ea43243bb56571d580d187f8d1d7 style_1 top-icon\"><div class=\"porto-sicon-top\"><div id=\"porto-icon-58644153769da343f099ec\" class=\"porto-just-icon-wrapper porto-sicon-img\" style=\"font-size: 260px;\"><img loading=\"lazy\" decoding=\"async\" class=\"img-icon\" alt=\"\" src=\"https:\/\/thank1.mypagedemo.com\/tevc\/wp-content\/uploads\/2024\/09\/quy-trinh-4.png\" width=\"260\" height=\"174\" \/><\/div><\/div><div class=\"porto-sicon-header\"><h3 class=\"porto-sicon-title\" style=\"\">TRI\u1ec2N KHAI<\/h3><\/div> <!-- header --><\/div><!-- porto-sicon-box -->[\/vc_column_inner][vc_column_inner width=&#8221;1\/5&#8243;]<div class=\"porto-sicon-box  wpb_custom_6bd3ea43243bb56571d580d187f8d1d7 style_1 top-icon\"><div class=\"porto-sicon-top\"><div id=\"porto-icon-19526207969da343f0a1e4\" class=\"porto-just-icon-wrapper porto-sicon-img\" style=\"font-size: 260px;\"><img loading=\"lazy\" decoding=\"async\" class=\"img-icon\" alt=\"\" src=\"https:\/\/thank1.mypagedemo.com\/tevc\/wp-content\/uploads\/2024\/09\/quy-trinh-5.png\" width=\"260\" height=\"174\" \/><\/div><\/div><div class=\"porto-sicon-header\"><h3 class=\"porto-sicon-title\" style=\"\">B\u00c0N GIAO<\/h3><\/div> <!-- header --><\/div><!-- porto-sicon-box -->[\/vc_column_inner][\/vc_row_inner][\/vc_column][\/vc_row][vc_row content_placement=&#8221;middle&#8221; el_class=&#8221;wrap_congviec&#8221; conditional_render=&#8221;%5B%7B%22value_role%22%3A%22administrator%22%7D%5D&#8221;][vc_column width=&#8221;1\/2&#8243;][vc_column_text el_class=&#8221;justify&#8221;]<\/p>\n<h4>C\u00f4ng vi\u1ec7c d\u1ef1 to\u00e1n<\/h4>\n<p>Ch\u00fang t\u00f4i chuy\u00ean cung c\u1ea5p \u0111\u1ebfn kh\u00e1ch h\u00e0ng d\u1ecbch v\u1ee5 l\u1eadp b\u00e1o c\u00e1o d\u1ef1 to\u00e1n c\u00f4ng tr\u00ecnh C\u01a1 \u0110i\u1ec7n cho c\u00e1c c\u00f4ng tr\u00ecnh d\u00e2n d\u1ee5ng v\u00e0 c\u00f4ng nghi\u1ec7p. T\u1eeb b\u1ea3n v\u1ebd thi\u1ebft k\u1ebf v\u00e0 y\u00eau c\u1ea7u k\u1ef9 thu\u1eadt, C\u00f4ng ty ch\u00fang t\u00f4i b\u1eb1ng kinh nghi\u1ec7m c\u1ee7a m\u00ecnh v\u00e0 \u1ee9ng d\u1ee5ng ph\u1ea7n m\u1ec1m PLANEST \u0111\u1ec3 b\u00f3c t\u00e1ch v\u00e0 l\u1eadp ra b\u1ea3ng d\u1ef1 to\u00e1n v\u1edbi \u0111\u1ed9 ch\u00ednh x\u00e1c nh\u1ea5t trong kho\u1ea3ng th\u1eddi gian ng\u1eafn nh\u1ea5t.[\/vc_column_text][\/vc_column][vc_column width=&#8221;1\/2&#8243;][vc_single_image image=&#8221;476&#8243; img_size=&#8221;full&#8221; alignment=&#8221;right&#8221;][\/vc_column][\/vc_row][vc_row content_placement=&#8221;middle&#8221; conditional_render=&#8221;%5B%7B%22value_role%22%3A%22administrator%22%7D%5D&#8221; el_class=&#8221;wrap_hinhanh&#8221;][vc_column width=&#8221;1\/4&#8243; conditional_render=&#8221;%5B%7B%22value_role%22%3A%22administrator%22%7D%5D&#8221;][vc_single_image image=&#8221;404&#8243; img_size=&#8221;360&#215;300&#8243; alignment=&#8221;center&#8221;][\/vc_column][vc_column width=&#8221;3\/4&#8243; conditional_render=&#8221;%5B%7B%22value_role%22%3A%22administrator%22%7D%5D&#8221;]<div id=\"porto-carousel-105842948769da343f0a83f\" class=\"porto-carousel-wrapper\" data-gutter=\"15\" data-rtl=\"false\" ><div class=\"porto-ultimate-carousel porto-carousel-99546186769da343f0a805 \" >[vc_single_image image=&#8221;468&#8243; img_size=&#8221;360&#215;300&#8243; alignment=&#8221;center&#8221; onclick=&#8221;img_link_large&#8221; lightbox=&#8221;yes&#8221; image_gallery=&#8221;yes&#8221; zoom_icon=&#8221;yes&#8221; hover_effect=&#8221;yes&#8221;][vc_single_image image=&#8221;469&#8243; img_size=&#8221;360&#215;300&#8243; alignment=&#8221;center&#8221; onclick=&#8221;img_link_large&#8221; lightbox=&#8221;yes&#8221; image_gallery=&#8221;yes&#8221; zoom_icon=&#8221;yes&#8221; hover_effect=&#8221;yes&#8221;][vc_single_image image=&#8221;470&#8243; img_size=&#8221;360&#215;300&#8243; alignment=&#8221;center&#8221; onclick=&#8221;img_link_large&#8221; lightbox=&#8221;yes&#8221; image_gallery=&#8221;yes&#8221; zoom_icon=&#8221;yes&#8221; hover_effect=&#8221;yes&#8221;][vc_single_image image=&#8221;471&#8243; img_size=&#8221;360&#215;300&#8243; alignment=&#8221;center&#8221; onclick=&#8221;img_link_large&#8221; lightbox=&#8221;yes&#8221; image_gallery=&#8221;yes&#8221; zoom_icon=&#8221;yes&#8221; hover_effect=&#8221;yes&#8221;][vc_single_image image=&#8221;472&#8243; img_size=&#8221;360&#215;300&#8243; alignment=&#8221;center&#8221; onclick=&#8221;img_link_large&#8221; lightbox=&#8221;yes&#8221; image_gallery=&#8221;yes&#8221; zoom_icon=&#8221;yes&#8221; hover_effect=&#8221;yes&#8221;][vc_single_image image=&#8221;473&#8243; img_size=&#8221;360&#215;300&#8243; alignment=&#8221;center&#8221; onclick=&#8221;img_link_large&#8221; lightbox=&#8221;yes&#8221; image_gallery=&#8221;yes&#8221; zoom_icon=&#8221;yes&#8221; hover_effect=&#8221;yes&#8221;][vc_single_image image=&#8221;474&#8243; img_size=&#8221;360&#215;300&#8243; alignment=&#8221;center&#8221; onclick=&#8221;img_link_large&#8221; lightbox=&#8221;yes&#8221; image_gallery=&#8221;yes&#8221; zoom_icon=&#8221;yes&#8221; hover_effect=&#8221;yes&#8221;]<\/div><\/div><script>\n\t(function(){\n\t\tvar porto_inc_slick_js = function() {\n\t\t\t( function( $ ) {\n\t\t\t\tif ( $.fn.slick ) {\n\t\t\t\t\t$('.porto-carousel-99546186769da343f0a805').slick({dots: false,autoplay: true,autoplaySpeed: 5000,speed: 300,infinite: true,arrows: true,nextArrow: '<button type=\"button\" role=\"button\" aria-label=\"Next\" style=\"color:#333333; font-size:20px;\" class=\"slick-next default\"><i class=\"fas fa-chevron-right\"><\/i><\/button>',prevArrow: '<button type=\"button\" role=\"button\" aria-label=\"Previous\" style=\"color:#333333; font-size:20px;\" class=\"slick-prev default\"><i class=\"fas fa-chevron-left\"><\/i><\/button>',slidesToScroll:3,slidesToShow:3,swipe: true,draggable: true,touchMove: true,pauseOnHover: true,responsive: [\n\t\t\t\t{\n\t\t\t\t  breakpoint: 1025,\n\t\t\t\t  settings: {\n\t\t\t\t\tslidesToShow: 3,\n\t\t\t\t\tslidesToScroll: 3,  \n\t\t\t\t  }\n\t\t\t\t},\n\t\t\t\t{\n\t\t\t\t  breakpoint: 769,\n\t\t\t\t  settings: {\n\t\t\t\t\tslidesToShow: 2,\n\t\t\t\t\tslidesToScroll: 2\n\t\t\t\t  }\n\t\t\t\t},\n\t\t\t\t{\n\t\t\t\t  breakpoint: 481,\n\t\t\t\t  settings: {\n\t\t\t\t\tslidesToShow: 1,\n\t\t\t\t\tslidesToScroll: 1\n\t\t\t\t  }\n\t\t\t\t}\n\t\t\t],pauseOnDotsHover: true,customPaging: function(slider, i) {\n\t   return '<i type=\"button\" style=\"color:#333333;\" class=\"far fa-circle\" data-role=\"none\"><\/i>';\n\t},});\n\t\t\t\t} else {\n\t\t\t\t\t\t\t\t}\n\t\t\t} )( jQuery );\n\t\t};\n\n\t\tif ( window.theme && theme.isLoaded ) {\n\t\t\tporto_inc_slick_js();\n\t\t} else {\n\t\t\twindow.addEventListener( 'load', porto_inc_slick_js );\n\t\t}\n\t})();\n<\/script>\n[\/vc_column][\/vc_row]<\/p>\n<\/div>","protected":false},"excerpt":{"rendered":"<p>[vc_row el_class=&#8221;wrap_quytrinh&#8221; conditional_render=&#8221;%5B%7B%22value_role%22%3A%22administrator%22%7D%5D&#8221;][vc_column][vc_custom_heading text=&#8221;QUY TR\u00ccNH L\u00c0M VI\u1ec6C&#8221; font_container=&#8221;tag:h3|text_align:left&#8221; use_theme_fonts=&#8221;yes&#8221;][vc_row_inner][vc_column_inner width=&#8221;1\/5&#8243;][\/vc_column_inner][vc_column_inner width=&#8221;1\/5&#8243;][\/vc_column_inner][vc_column_inner width=&#8221;1\/5&#8243;][\/vc_column_inner][vc_column_inner width=&#8221;1\/5&#8243;][\/vc_column_inner][vc_column_inner width=&#8221;1\/5&#8243;][\/vc_column_inner][\/vc_row_inner][\/vc_column][\/vc_row][vc_row content_placement=&#8221;middle&#8221; el_class=&#8221;wrap_congviec&#8221; conditional_render=&#8221;%5B%7B%22value_role%22%3A%22administrator%22%7D%5D&#8221;][vc_column width=&#8221;1\/2&#8243;][vc_column_text el_class=&#8221;justify&#8221;] C\u00f4ng vi\u1ec7c d\u1ef1 to\u00e1n Ch\u00fang t\u00f4i chuy\u00ean cung c\u1ea5p \u0111\u1ebfn kh\u00e1ch h\u00e0ng d\u1ecbch v\u1ee5 l\u1eadp b\u00e1o c\u00e1o d\u1ef1 to\u00e1n c\u00f4ng tr\u00ecnh C\u01a1 \u0110i\u1ec7n cho c\u00e1c c\u00f4ng tr\u00ecnh d\u00e2n d\u1ee5ng v\u00e0 c\u00f4ng nghi\u1ec7p. T\u1eeb b\u1ea3n v\u1ebd thi\u1ebft [&hellip;]<\/p>\n","protected":false},"author":1,"featured_media":0,"parent":17,"menu_order":0,"comment_status":"closed","ping_status":"closed","template":"","meta":{"footnotes":""},"class_list":["post-30","page","type-page","status-publish","hentry"],"_links":{"self":[{"href":"https:\/\/thank1.mypagedemo.com\/tevc\/wp-json\/wp\/v2\/pages\/30"}],"collection":[{"href":"https:\/\/thank1.mypagedemo.com\/tevc\/wp-json\/wp\/v2\/pages"}],"about":[{"href":"https:\/\/thank1.mypagedemo.com\/tevc\/wp-json\/wp\/v2\/types\/page"}],"author":[{"embeddable":true,"href":"https:\/\/thank1.mypagedemo.com\/tevc\/wp-json\/wp\/v2\/users\/1"}],"replies":[{"embeddable":true,"href":"https:\/\/thank1.mypagedemo.com\/tevc\/wp-json\/wp\/v2\/comments?post=30"}],"version-history":[{"count":15,"href":"https:\/\/thank1.mypagedemo.com\/tevc\/wp-json\/wp\/v2\/pages\/30\/revisions"}],"predecessor-version":[{"id":497,"href":"https:\/\/thank1.mypagedemo.com\/tevc\/wp-json\/wp\/v2\/pages\/30\/revisions\/497"}],"up":[{"embeddable":true,"href":"https:\/\/thank1.mypagedemo.com\/tevc\/wp-json\/wp\/v2\/pages\/17"}],"wp:attachment":[{"href":"https:\/\/thank1.mypagedemo.com\/tevc\/wp-json\/wp\/v2\/media?parent=30"}],"curies":[{"name":"wp","href":"https:\/\/api.w.org\/{rel}","templated":true}]}}