{"id":21,"date":"2024-08-22T03:59:23","date_gmt":"2024-08-22T03:59:23","guid":{"rendered":"https:\/\/thank1.mypagedemo.com\/tevc\/?page_id=21"},"modified":"2024-09-16T06:54:33","modified_gmt":"2024-09-16T06:54:33","slug":"lien-he","status":"publish","type":"page","link":"https:\/\/thank1.mypagedemo.com\/tevc\/lien-he\/","title":{"rendered":"Li\u00ean h\u1ec7"},"content":{"rendered":"<div class=\"wpb-content-wrapper\"><p>[vc_row el_class=&#8221;wrap_lienhe&#8221; conditional_render=&#8221;%5B%7B%22value_role%22%3A%22administrator%22%7D%5D&#8221;][vc_column width=&#8221;1\/2&#8243;][vc_custom_heading text=&#8221;TOP ENGINEERING VIET NAM&#8221; use_theme_fonts=&#8221;yes&#8221;][vc_column_text]<\/p>\n<ul>\n<li><i class=\"fa-solid fa-location-dot fa-fw\"><\/i> <strong>\u0110\u1ecba ch\u1ec9:<\/strong> To\u00e0 nh\u00e0 Worc@Q2, 21 V\u00f5 Tr\u01b0\u1eddng To\u1ea3n, Ph\u01b0\u1eddng Th\u1ea3o \u0110i\u1ec1n, TP. Th\u1ee7 \u0110\u1ee9c, TP. H\u1ed3 Ch\u00ed Minh<\/li>\n<li><i class=\"fa-solid fa-mobile-screen-button fa-fw\"><\/i> <strong>Tel: 0283.744.6769<\/strong><\/li>\n<li><i class=\"fa-solid fa-envelope fa-fw\"><\/i> <strong>Email:<\/strong> <a href=\"mailto:info@tevc.com.vn\">contact@tevc.com.vn<\/a><\/li>\n<li><i class=\"fa-solid fa-globe fa-fw\"><\/i><strong>Website:<\/strong> https:\/\/tevc.com.vn<\/li>\n<\/ul>\n<p>[\/vc_column_text][\/vc_column][vc_column width=&#8221;1\/2&#8243;][vc_custom_heading text=&#8221;LI\u00caN H\u1ec6&#8221; use_theme_fonts=&#8221;yes&#8221;]\n<div class=\"wpcf7 no-js\" id=\"wpcf7-f7-o1\" lang=\"vi\" dir=\"ltr\">\n<div class=\"screen-reader-response\"><p role=\"status\" aria-live=\"polite\" aria-atomic=\"true\"><\/p> <ul><\/ul><\/div>\n<form action=\"\/tevc\/wp-json\/wp\/v2\/pages\/21#wpcf7-f7-o1\" method=\"post\" class=\"wpcf7-form init\" aria-label=\"Form li\u00ean h\u1ec7\" novalidate=\"novalidate\" data-status=\"init\">\n<div style=\"display: none;\">\n<input type=\"hidden\" name=\"_wpcf7\" value=\"7\" \/>\n<input type=\"hidden\" name=\"_wpcf7_version\" value=\"5.9.8\" \/>\n<input type=\"hidden\" name=\"_wpcf7_locale\" value=\"vi\" \/>\n<input type=\"hidden\" name=\"_wpcf7_unit_tag\" value=\"wpcf7-f7-o1\" \/>\n<input type=\"hidden\" name=\"_wpcf7_container_post\" value=\"0\" \/>\n<input type=\"hidden\" name=\"_wpcf7_posted_data_hash\" value=\"\" \/>\n<\/div>\n<div class=\"row\">\n\t<div class=\"col-md-6\">\n\t\t<div class=\"form-group\">\n\t\t\t<p><span class=\"wpcf7-form-control-wrap\" data-name=\"hoten\"><input size=\"40\" maxlength=\"400\" class=\"wpcf7-form-control wpcf7-text wpcf7-validates-as-required form-control\" id=\"form-hoten\" aria-required=\"true\" aria-invalid=\"false\" placeholder=\"H\u1ecd t\u00ean*\" value=\"\" type=\"text\" name=\"hoten\" \/><\/span>\n\t\t\t<\/p>\n\t\t<\/div>\n\t\t<div class=\"form-group\">\n\t\t\t<p><span class=\"wpcf7-form-control-wrap\" data-name=\"emailban\"><input size=\"40\" maxlength=\"400\" class=\"wpcf7-form-control wpcf7-email wpcf7-validates-as-required wpcf7-text wpcf7-validates-as-email form-control\" id=\"form-emailban\" aria-required=\"true\" aria-invalid=\"false\" placeholder=\"Email*\" value=\"\" type=\"email\" name=\"emailban\" \/><\/span>\n\t\t\t<\/p>\n\t\t<\/div>\n\t\t<div class=\"form-group\">\n\t\t\t<p><span class=\"wpcf7-form-control-wrap\" data-name=\"dienthoai\"><input size=\"40\" maxlength=\"10\" minlength=\"10\" class=\"wpcf7-form-control wpcf7-tel wpcf7-validates-as-required wpcf7-text wpcf7-validates-as-tel form-control\" id=\"form-dienthoai\" aria-required=\"true\" aria-invalid=\"false\" placeholder=\"\u0110i\u1ec7n tho\u1ea1i*\" value=\"\" type=\"tel\" name=\"dienthoai\" \/><\/span>\n\t\t\t<\/p>\n\t\t<\/div>\n\t<\/div>\n\t<div class=\"col-md-6\">\n\t\t<div class=\"form-group\">\n\t\t\t<p><span class=\"wpcf7-form-control-wrap\" data-name=\"noidung\"><textarea cols=\"40\" rows=\"10\" maxlength=\"2000\" class=\"wpcf7-form-control wpcf7-textarea form-control\" id=\"form-noidung\" aria-invalid=\"false\" placeholder=\"N\u1ed9i dung\" name=\"noidung\"><\/textarea><\/span>\n\t\t\t<\/p>\n\t\t<\/div>\n\t<\/div>\n\t<div class=\"col-md-12\">\n\t\t<div class=\"form-group\">\n\t\t\t<p><input class=\"wpcf7-form-control wpcf7-submit has-spinner btn btn-primary btn-lg\" type=\"submit\" value=\"G\u1eecI\" \/>\n\t\t\t<\/p>\n\t\t<\/div>\n\t<\/div>\n<\/div><div class=\"wpcf7-response-output\" aria-hidden=\"true\"><\/div>\n<\/form>\n<\/div>\n[\/vc_column][\/vc_row][vc_row][vc_column]<div id='wrap_map_69da3489d5be5' class='porto-map-wrapper porto-adjust-bottom-margin ' style='height:400px;'><div id='map_69da3489d5be5' data-map_override='0' class='porto_google_map page_margin_top' style='width:100%;height:400px;'><\/div><\/div><script>\n( function() {\n\tvar porto_init_map = function() {\n\t\t( function( $ ) {\n\t\t\t'use strict';\n\t\t\tif (typeof google == 'undefined') {\n\t\t\t\treturn;\n\t\t\t}\n\t\t\tvar map_map_69da3489d5be5 = null;\n\t\t\tvar coordinate_map_69da3489d5be5;\n\t\t\ttry {\n\t\t\t\tcoordinate_map_69da3489d5be5=new google.maps.LatLng(10.8043576, 106.7439613);\n\t\t\t\tvar isDraggable = $(document).width() > 640 ? true : true;\n\t\t\t\tvar mapOptions = {\n\t\t\t\t\tzoom: 15,\n\t\t\t\t\tcenter: coordinate_map_69da3489d5be5,\n\t\t\t\t\tscaleControl: true,\n\t\t\t\t\tstreetViewControl: false,\n\t\t\t\t\tmapTypeControl: false,\n\t\t\t\t\tpanControl: false,\n\t\t\t\t\tzoomControl: true,\n\t\t\t\t\tscrollwheel: false,\n\t\t\t\t\tdraggable: isDraggable,\n\t\t\t\t\tzoomControlOptions: {\n\t\t\t\t\t\tposition: google.maps.ControlPosition.RIGHT_BOTTOM\n\t\t\t\t\t},mapTypeId: google.maps.MapTypeId.ROADMAP,};var map_map_69da3489d5be5 = new google.maps.Map(document.getElementById('map_69da3489d5be5'),mapOptions);\n\t\t\t\t\t\tvar x = 'on';\n\t\t\t\t\t\tvar marker_map_69da3489d5be5 = new google.maps.Marker({\n\t\t\t\t\t\tposition: new google.maps.LatLng(10.8043576, 106.7439613),\n\t\t\t\t\t\tanimation:  google.maps.Animation.DROP,\n\t\t\t\t\t\tmap: map_map_69da3489d5be5,\n\t\t\t\t\t\ticon: ''\n\t\t\t\t\t});\n\t\t\t\t\tgoogle.maps.event.addListener(marker_map_69da3489d5be5, 'click', toggleBounce);var infowindow = new google.maps.InfoWindow();\n\t\t\t\t\t\t\tinfowindow.setContent('<div class=\"map_info_text\" style=\\'color:#000;\\'><p style=\"text-align: center;\"><b>TOP ENGINEERING VIET NAM<\/b><\/p> <p style=\"text-align: center;\"><i class=\"fa-solid fa-location-dot fa-fw\"><\/i>To\u00e0 nh\u00e0 Worc@Q2, 21 V\u00f5 Tr\u01b0\u1eddng To\u1ea3n,<br \/> P. Th\u1ea3o \u0110i\u1ec1n, TP. Th\u1ee7 \u0110\u1ee9c, TP. H\u1ed3 Ch\u00ed Minh<\/p> <p><\/div>');google.maps.event.addListener(marker_map_69da3489d5be5, 'click', function() {\n\t\t\t\t\t\t\t\tinfowindow.open(map_map_69da3489d5be5,marker_map_69da3489d5be5);\n\t\t\t\t\t\t\t});}\n\t\t\tcatch(e){};\n\t\t\tgoogle.maps.event.trigger(map_map_69da3489d5be5, 'resize');\n\t\t\t$(window).on('resize', function(){\n\t\t\t\tgoogle.maps.event.trigger(map_map_69da3489d5be5, 'resize');\n\t\t\t\tif(map_map_69da3489d5be5!=null) {\n\t\t\t\t\tmap_map_69da3489d5be5.setCenter(coordinate_map_69da3489d5be5);\n\t\t\t\t}\n\t\t\t});\n\t\t\t$('.ui-tabs').on('tabsactivate', function(event, ui) {\n\t\t\t   if($(this).find('.porto-map-wrapper').length > 0)\n\t\t\t\t{\n\t\t\t\t\tsetTimeout(function(){\n\t\t\t\t\t\t$(window).trigger('resize');\n\t\t\t\t\t},200);\n\t\t\t\t}\n\t\t\t});\n\t\t\t$('.ui-accordion').on('accordionactivate', function(event, ui) {\n\t\t\t\tif($(this).find('.porto-map-wrapper').length > 0) {\n\t\t\t\t\tsetTimeout(function(){\n\t\t\t\t\t\t$(window).trigger('resize');\n\t\t\t\t\t},200);\n\t\t\t\t}\n\t\t\t});\n\t\t\t$(document).on('onPortoModalPopupOpen', function(){\n\t\t\t\tif($(map_map_69da3489d5be5).parents('.porto_modal-content')) {\n\t\t\t\t\tsetTimeout(function(){\n\t\t\t\t\t\t$(window).trigger('resize');\n\t\t\t\t\t},200);\n\t\t\t\t}\n\t\t\t});\n\t\t\tfunction toggleBounce() {\n\t\t\t\tif (marker_map_69da3489d5be5.getAnimation() != null) {\n\t\t\t\t\tmarker_map_69da3489d5be5.setAnimation(null);\n\t\t\t\t} else {\n\t\t\t\t\tmarker_map_69da3489d5be5.setAnimation(google.maps.Animation.BOUNCE);\n\t\t\t\t}\n\t\t\t}\n\t\t} )( window.jQuery );\n\t};\n\n\tif ( window.jQuery ) {\n\t\tjQuery( document ).ready(function() {\n\t\t\tporto_init_map();\n\t\t} );\n\t} else {\n\t\tdocument.addEventListener( 'DOMContentLoaded', porto_init_map );\n\t}\n\n\twindow.addEventListener( 'load', function() {\n\t\tsetTimeout( function() {\n\t\t\tjQuery( window ).trigger( 'resize' );\n\t\t}, 200 );\n\t} );\n} )();\n<\/script>[\/vc_column][\/vc_row]<\/p>\n<\/div>","protected":false},"excerpt":{"rendered":"<p>[vc_row el_class=&#8221;wrap_lienhe&#8221; conditional_render=&#8221;%5B%7B%22value_role%22%3A%22administrator%22%7D%5D&#8221;][vc_column width=&#8221;1\/2&#8243;][vc_custom_heading text=&#8221;TOP ENGINEERING VIET NAM&#8221; use_theme_fonts=&#8221;yes&#8221;][vc_column_text] \u0110\u1ecba ch\u1ec9: To\u00e0 nh\u00e0 Worc@Q2, 21 V\u00f5 Tr\u01b0\u1eddng To\u1ea3n, Ph\u01b0\u1eddng Th\u1ea3o \u0110i\u1ec1n, TP. Th\u1ee7 \u0110\u1ee9c, TP. H\u1ed3 Ch\u00ed Minh Tel: 0283.744.6769 Email: contact@tevc.com.vn Website: https:\/\/tevc.com.vn [\/vc_column_text][\/vc_column][vc_column width=&#8221;1\/2&#8243;][vc_custom_heading text=&#8221;LI\u00caN H\u1ec6&#8221; use_theme_fonts=&#8221;yes&#8221;][\/vc_column][\/vc_row][vc_row][vc_column][\/vc_column][\/vc_row]<\/p>\n","protected":false},"author":1,"featured_media":0,"parent":0,"menu_order":0,"comment_status":"closed","ping_status":"closed","template":"","meta":{"footnotes":""},"class_list":["post-21","page","type-page","status-publish","hentry"],"_links":{"self":[{"href":"https:\/\/thank1.mypagedemo.com\/tevc\/wp-json\/wp\/v2\/pages\/21"}],"collection":[{"href":"https:\/\/thank1.mypagedemo.com\/tevc\/wp-json\/wp\/v2\/pages"}],"about":[{"href":"https:\/\/thank1.mypagedemo.com\/tevc\/wp-json\/wp\/v2\/types\/page"}],"author":[{"embeddable":true,"href":"https:\/\/thank1.mypagedemo.com\/tevc\/wp-json\/wp\/v2\/users\/1"}],"replies":[{"embeddable":true,"href":"https:\/\/thank1.mypagedemo.com\/tevc\/wp-json\/wp\/v2\/comments?post=21"}],"version-history":[{"count":8,"href":"https:\/\/thank1.mypagedemo.com\/tevc\/wp-json\/wp\/v2\/pages\/21\/revisions"}],"predecessor-version":[{"id":428,"href":"https:\/\/thank1.mypagedemo.com\/tevc\/wp-json\/wp\/v2\/pages\/21\/revisions\/428"}],"wp:attachment":[{"href":"https:\/\/thank1.mypagedemo.com\/tevc\/wp-json\/wp\/v2\/media?parent=21"}],"curies":[{"name":"wp","href":"https:\/\/api.w.org\/{rel}","templated":true}]}}