{"id":126,"date":"2024-09-10T01:48:04","date_gmt":"2024-09-10T01:48:04","guid":{"rendered":"https:\/\/thank1.mypagedemo.com\/tevc\/?page_id=126"},"modified":"2024-10-02T02:34:06","modified_gmt":"2024-10-02T02:34:06","slug":"ban-ve-thi-cong","status":"publish","type":"page","link":"https:\/\/thank1.mypagedemo.com\/tevc\/dich-vu\/ban-ve-thi-cong\/","title":{"rendered":"B\u1ea3n v\u1ebd thi c\u00f4ng"},"content":{"rendered":"<div class=\"wpb-content-wrapper\"><p>[vc_row el_class=&#8221;wrap_quytrinh&#8221; conditional_render=&#8221;%5B%7B%22value_role%22%3A%22administrator%22%7D%5D&#8221;][vc_column][vc_custom_heading text=&#8221;QUY TR\u00ccNH L\u00c0M VI\u1ec6C&#8221; font_container=&#8221;tag:h3|text_align:left&#8221; use_theme_fonts=&#8221;yes&#8221;][vc_row_inner][vc_column_inner width=&#8221;1\/5&#8243;]<div class=\"porto-sicon-box  wpb_custom_6bd3ea43243bb56571d580d187f8d1d7 style_1 top-icon\"><div class=\"porto-sicon-top\"><div id=\"porto-icon-97378586869d9fed07e365\" class=\"porto-just-icon-wrapper porto-sicon-img\" style=\"font-size: 260px;\"><img loading=\"lazy\" decoding=\"async\" class=\"img-icon\" alt=\"\" src=\"https:\/\/thank1.mypagedemo.com\/tevc\/wp-content\/uploads\/2024\/09\/quy-trinh-1.png\" width=\"260\" height=\"174\" \/><\/div><\/div><div class=\"porto-sicon-header\"><h3 class=\"porto-sicon-title\" style=\"\">NH\u1eacN Y\u00caU C\u1ea6U<\/h3><\/div> <!-- header --><\/div><!-- porto-sicon-box -->[\/vc_column_inner][vc_column_inner width=&#8221;1\/5&#8243;]<div class=\"porto-sicon-box  wpb_custom_6bd3ea43243bb56571d580d187f8d1d7 style_1 top-icon\"><div class=\"porto-sicon-top\"><div id=\"porto-icon-109118185669d9fed07ec57\" class=\"porto-just-icon-wrapper porto-sicon-img\" style=\"font-size: 260px;\"><img loading=\"lazy\" decoding=\"async\" class=\"img-icon\" alt=\"\" src=\"https:\/\/thank1.mypagedemo.com\/tevc\/wp-content\/uploads\/2024\/09\/quy-trinh-2.png\" width=\"260\" height=\"174\" \/><\/div><\/div><div class=\"porto-sicon-header\"><h3 class=\"porto-sicon-title\" style=\"\">PH\u00c2N T\u00cdCH<\/h3><\/div> <!-- header --><\/div><!-- porto-sicon-box -->[\/vc_column_inner][vc_column_inner width=&#8221;1\/5&#8243;]<div class=\"porto-sicon-box  wpb_custom_6bd3ea43243bb56571d580d187f8d1d7 style_1 top-icon\"><div class=\"porto-sicon-top\"><div id=\"porto-icon-2374571369d9fed07f4bc\" class=\"porto-just-icon-wrapper porto-sicon-img\" style=\"font-size: 260px;\"><img loading=\"lazy\" decoding=\"async\" class=\"img-icon\" alt=\"\" src=\"https:\/\/thank1.mypagedemo.com\/tevc\/wp-content\/uploads\/2024\/09\/quy-trinh-3.png\" width=\"260\" height=\"174\" \/><\/div><\/div><div class=\"porto-sicon-header\"><h3 class=\"porto-sicon-title\" style=\"\">PH\u1ea2N H\u1ed2I<\/h3><\/div> <!-- header --><\/div><!-- porto-sicon-box -->[\/vc_column_inner][vc_column_inner width=&#8221;1\/5&#8243;]<div class=\"porto-sicon-box  wpb_custom_6bd3ea43243bb56571d580d187f8d1d7 style_1 top-icon\"><div class=\"porto-sicon-top\"><div id=\"porto-icon-101294441069d9fed07fd0c\" class=\"porto-just-icon-wrapper porto-sicon-img\" style=\"font-size: 260px;\"><img loading=\"lazy\" decoding=\"async\" class=\"img-icon\" alt=\"\" src=\"https:\/\/thank1.mypagedemo.com\/tevc\/wp-content\/uploads\/2024\/09\/quy-trinh-4.png\" width=\"260\" height=\"174\" \/><\/div><\/div><div class=\"porto-sicon-header\"><h3 class=\"porto-sicon-title\" style=\"\">TRI\u1ec2N KHAI<\/h3><\/div> <!-- header --><\/div><!-- porto-sicon-box -->[\/vc_column_inner][vc_column_inner width=&#8221;1\/5&#8243;]<div class=\"porto-sicon-box  wpb_custom_6bd3ea43243bb56571d580d187f8d1d7 style_1 top-icon\"><div class=\"porto-sicon-top\"><div id=\"porto-icon-19751594669d9fed08057f\" class=\"porto-just-icon-wrapper porto-sicon-img\" style=\"font-size: 260px;\"><img loading=\"lazy\" decoding=\"async\" class=\"img-icon\" alt=\"\" src=\"https:\/\/thank1.mypagedemo.com\/tevc\/wp-content\/uploads\/2024\/09\/quy-trinh-5.png\" width=\"260\" height=\"174\" \/><\/div><\/div><div class=\"porto-sicon-header\"><h3 class=\"porto-sicon-title\" style=\"\">B\u00c0N GIAO<\/h3><\/div> <!-- header --><\/div><!-- porto-sicon-box -->[\/vc_column_inner][\/vc_row_inner][\/vc_column][\/vc_row][vc_row content_placement=&#8221;middle&#8221; el_class=&#8221;wrap_congviec&#8221; conditional_render=&#8221;%5B%7B%22value_role%22%3A%22administrator%22%7D%5D&#8221;][vc_column width=&#8221;1\/2&#8243;][vc_column_text el_class=&#8221;justify&#8221;]<\/p>\n<h4>C\u00f4ng vi\u1ec7c b\u1ea3n v\u1ebd thi c\u00f4ng<\/h4>\n<p>Ch\u00fang t\u00f4i \u0111\u1ed3ng h\u00e0nh c\u00f9ng nh\u00e0 th\u1ea7u thi c\u00f4ng \u0111\u1ec3 th\u1ef1c hi\u1ec7n c\u00e1c c\u00f4ng vi\u1ec7c chu\u1ea9n b\u1ecb t\u00e0i li\u1ec7u, \u0111\u1ecdc v\u00e0 ph\u00e2n t\u00edch k\u1ef9 b\u1ea3n v\u1ebd thi\u1ebft k\u1ebf ban \u0111\u1ea7u, n\u1eafm b\u1eaft \u00fd t\u01b0\u1edfng c\u1ee7a kh\u00e1ch h\u00e0ng. Sau \u0111\u00f3 chuy\u1ec3n \u0111\u1ed5i t\u1ea5t c\u1ea3 c\u00e1c b\u1ea3n v\u1ebd thi\u1ebft k\u1ebf k\u1ef9 thu\u1eadt th\u00e0nh b\u1ea3n v\u1ebd thi c\u00f4ng \u00a0ph\u1ee5c v\u1ee5 cho qu\u00e1 tr\u00ecnh tri\u1ec3n khai d\u1ef1 \u00e1n.[\/vc_column_text][\/vc_column][vc_column width=&#8221;1\/2&#8243;][vc_single_image image=&#8221;481&#8243; img_size=&#8221;full&#8221; alignment=&#8221;right&#8221;][\/vc_column][\/vc_row][vc_row content_placement=&#8221;middle&#8221; conditional_render=&#8221;%5B%7B%22value_role%22%3A%22administrator%22%7D%5D&#8221; el_class=&#8221;wrap_hinhanh&#8221;][vc_column width=&#8221;1\/4&#8243; conditional_render=&#8221;%5B%7B%22value_role%22%3A%22administrator%22%7D%5D&#8221;][vc_single_image image=&#8221;500&#8243; img_size=&#8221;360&#215;300&#8243; alignment=&#8221;center&#8221;][\/vc_column][vc_column width=&#8221;3\/4&#8243; conditional_render=&#8221;%5B%7B%22value_role%22%3A%22administrator%22%7D%5D&#8221;]<div id=\"porto-carousel-85145103569d9fed080c00\" class=\"porto-carousel-wrapper\" data-gutter=\"15\" data-rtl=\"false\" ><div class=\"porto-ultimate-carousel porto-carousel-9112520569d9fed080bbd \" >[vc_single_image image=&#8221;468&#8243; img_size=&#8221;360&#215;300&#8243; alignment=&#8221;center&#8221; onclick=&#8221;img_link_large&#8221; lightbox=&#8221;yes&#8221; image_gallery=&#8221;yes&#8221; zoom_icon=&#8221;yes&#8221; hover_effect=&#8221;yes&#8221;][vc_single_image image=&#8221;469&#8243; img_size=&#8221;360&#215;300&#8243; alignment=&#8221;center&#8221; onclick=&#8221;img_link_large&#8221; lightbox=&#8221;yes&#8221; image_gallery=&#8221;yes&#8221; zoom_icon=&#8221;yes&#8221; hover_effect=&#8221;yes&#8221;][vc_single_image image=&#8221;470&#8243; img_size=&#8221;360&#215;300&#8243; alignment=&#8221;center&#8221; onclick=&#8221;img_link_large&#8221; lightbox=&#8221;yes&#8221; image_gallery=&#8221;yes&#8221; zoom_icon=&#8221;yes&#8221; hover_effect=&#8221;yes&#8221;][vc_single_image image=&#8221;471&#8243; img_size=&#8221;360&#215;300&#8243; alignment=&#8221;center&#8221; onclick=&#8221;img_link_large&#8221; lightbox=&#8221;yes&#8221; image_gallery=&#8221;yes&#8221; zoom_icon=&#8221;yes&#8221; hover_effect=&#8221;yes&#8221;][vc_single_image image=&#8221;472&#8243; img_size=&#8221;360&#215;300&#8243; alignment=&#8221;center&#8221; onclick=&#8221;img_link_large&#8221; lightbox=&#8221;yes&#8221; image_gallery=&#8221;yes&#8221; zoom_icon=&#8221;yes&#8221; hover_effect=&#8221;yes&#8221;][vc_single_image image=&#8221;473&#8243; img_size=&#8221;360&#215;300&#8243; alignment=&#8221;center&#8221; onclick=&#8221;img_link_large&#8221; lightbox=&#8221;yes&#8221; image_gallery=&#8221;yes&#8221; zoom_icon=&#8221;yes&#8221; hover_effect=&#8221;yes&#8221;][vc_single_image image=&#8221;474&#8243; img_size=&#8221;360&#215;300&#8243; alignment=&#8221;center&#8221; onclick=&#8221;img_link_large&#8221; lightbox=&#8221;yes&#8221; image_gallery=&#8221;yes&#8221; zoom_icon=&#8221;yes&#8221; hover_effect=&#8221;yes&#8221;]<\/div><\/div><script>\n\t(function(){\n\t\tvar porto_inc_slick_js = function() {\n\t\t\t( function( $ ) {\n\t\t\t\tif ( $.fn.slick ) {\n\t\t\t\t\t$('.porto-carousel-9112520569d9fed080bbd').slick({dots: false,autoplay: true,autoplaySpeed: 5000,speed: 300,infinite: true,arrows: true,nextArrow: '<button type=\"button\" role=\"button\" aria-label=\"Next\" style=\"color:#333333; font-size:20px;\" class=\"slick-next default\"><i class=\"fas fa-chevron-right\"><\/i><\/button>',prevArrow: '<button type=\"button\" role=\"button\" aria-label=\"Previous\" style=\"color:#333333; font-size:20px;\" class=\"slick-prev default\"><i class=\"fas fa-chevron-left\"><\/i><\/button>',slidesToScroll:3,slidesToShow:3,swipe: true,draggable: true,touchMove: true,pauseOnHover: true,responsive: [\n\t\t\t\t{\n\t\t\t\t  breakpoint: 1025,\n\t\t\t\t  settings: {\n\t\t\t\t\tslidesToShow: 3,\n\t\t\t\t\tslidesToScroll: 3,  \n\t\t\t\t  }\n\t\t\t\t},\n\t\t\t\t{\n\t\t\t\t  breakpoint: 769,\n\t\t\t\t  settings: {\n\t\t\t\t\tslidesToShow: 2,\n\t\t\t\t\tslidesToScroll: 2\n\t\t\t\t  }\n\t\t\t\t},\n\t\t\t\t{\n\t\t\t\t  breakpoint: 481,\n\t\t\t\t  settings: {\n\t\t\t\t\tslidesToShow: 1,\n\t\t\t\t\tslidesToScroll: 1\n\t\t\t\t  }\n\t\t\t\t}\n\t\t\t],pauseOnDotsHover: true,customPaging: function(slider, i) {\n\t   return '<i type=\"button\" style=\"color:#333333;\" class=\"far fa-circle\" data-role=\"none\"><\/i>';\n\t},});\n\t\t\t\t} else {\n\t\t\t\t\t\t\t\t}\n\t\t\t} )( jQuery );\n\t\t};\n\n\t\tif ( window.theme && theme.isLoaded ) {\n\t\t\tporto_inc_slick_js();\n\t\t} else {\n\t\t\twindow.addEventListener( 'load', porto_inc_slick_js );\n\t\t}\n\t})();\n<\/script>\n[\/vc_column][\/vc_row]<\/p>\n<\/div>","protected":false},"excerpt":{"rendered":"<p>[vc_row el_class=&#8221;wrap_quytrinh&#8221; conditional_render=&#8221;%5B%7B%22value_role%22%3A%22administrator%22%7D%5D&#8221;][vc_column][vc_custom_heading text=&#8221;QUY TR\u00ccNH L\u00c0M VI\u1ec6C&#8221; font_container=&#8221;tag:h3|text_align:left&#8221; use_theme_fonts=&#8221;yes&#8221;][vc_row_inner][vc_column_inner width=&#8221;1\/5&#8243;][\/vc_column_inner][vc_column_inner width=&#8221;1\/5&#8243;][\/vc_column_inner][vc_column_inner width=&#8221;1\/5&#8243;][\/vc_column_inner][vc_column_inner width=&#8221;1\/5&#8243;][\/vc_column_inner][vc_column_inner width=&#8221;1\/5&#8243;][\/vc_column_inner][\/vc_row_inner][\/vc_column][\/vc_row][vc_row content_placement=&#8221;middle&#8221; el_class=&#8221;wrap_congviec&#8221; conditional_render=&#8221;%5B%7B%22value_role%22%3A%22administrator%22%7D%5D&#8221;][vc_column width=&#8221;1\/2&#8243;][vc_column_text el_class=&#8221;justify&#8221;] C\u00f4ng vi\u1ec7c b\u1ea3n v\u1ebd thi c\u00f4ng Ch\u00fang t\u00f4i \u0111\u1ed3ng h\u00e0nh c\u00f9ng nh\u00e0 th\u1ea7u thi c\u00f4ng \u0111\u1ec3 th\u1ef1c hi\u1ec7n c\u00e1c c\u00f4ng vi\u1ec7c chu\u1ea9n b\u1ecb t\u00e0i li\u1ec7u, \u0111\u1ecdc v\u00e0 ph\u00e2n t\u00edch k\u1ef9 b\u1ea3n v\u1ebd thi\u1ebft k\u1ebf ban \u0111\u1ea7u, [&hellip;]<\/p>\n","protected":false},"author":1,"featured_media":0,"parent":17,"menu_order":0,"comment_status":"closed","ping_status":"closed","template":"","meta":{"footnotes":""},"class_list":["post-126","page","type-page","status-publish","hentry"],"_links":{"self":[{"href":"https:\/\/thank1.mypagedemo.com\/tevc\/wp-json\/wp\/v2\/pages\/126"}],"collection":[{"href":"https:\/\/thank1.mypagedemo.com\/tevc\/wp-json\/wp\/v2\/pages"}],"about":[{"href":"https:\/\/thank1.mypagedemo.com\/tevc\/wp-json\/wp\/v2\/types\/page"}],"author":[{"embeddable":true,"href":"https:\/\/thank1.mypagedemo.com\/tevc\/wp-json\/wp\/v2\/users\/1"}],"replies":[{"embeddable":true,"href":"https:\/\/thank1.mypagedemo.com\/tevc\/wp-json\/wp\/v2\/comments?post=126"}],"version-history":[{"count":17,"href":"https:\/\/thank1.mypagedemo.com\/tevc\/wp-json\/wp\/v2\/pages\/126\/revisions"}],"predecessor-version":[{"id":525,"href":"https:\/\/thank1.mypagedemo.com\/tevc\/wp-json\/wp\/v2\/pages\/126\/revisions\/525"}],"up":[{"embeddable":true,"href":"https:\/\/thank1.mypagedemo.com\/tevc\/wp-json\/wp\/v2\/pages\/17"}],"wp:attachment":[{"href":"https:\/\/thank1.mypagedemo.com\/tevc\/wp-json\/wp\/v2\/media?parent=126"}],"curies":[{"name":"wp","href":"https:\/\/api.w.org\/{rel}","templated":true}]}}